{"id":3469,"date":"2024-09-20T14:42:49","date_gmt":"2024-09-20T17:42:49","guid":{"rendered":"https:\/\/horatech.shop\/?page_id=3469"},"modified":"2024-09-20T14:42:49","modified_gmt":"2024-09-20T17:42:49","slug":"politica-de-transparencia","status":"publish","type":"page","link":"https:\/\/horatech.shop\/ro\/politica-de-transparenta\/","title":{"rendered":"Politica de Transparen\u021b\u0103"},"content":{"rendered":"<p class=\"translation-block\">La Hora Tech Shop, apreciem \u00eencrederea clien\u021bilor no\u0219tri \u0219i credem c\u0103 transparen\u021ba este esen\u021bial\u0103 pentru men\u021binerea unei rela\u021bii oneste. Aceast\u0103 politic\u0103 descrie cum oper\u0103m, cum gestion\u0103m datele utilizatorilor no\u0219tri \u0219i cum men\u021binem un model de afaceri etic \u0219i responsabil.<\/p>\n\n\n\n<h2 class=\"wp-block-heading\">Integritatea Informa\u021biilor<\/h2>\n\n\n\n<p>Angajamentul nostru este de a oferi informa\u021bii clare \u0219i precise despre toate produsele \u0219i serviciile disponibile \u00een magazinul nostru. Efectu\u0103m revizuiri \u0219i actualiz\u0103ri continue pentru a asigura acurate\u021bea datelor prezentate. Dac\u0103 oferim produse sponsorizate sau recomand\u0103ri afiliate, acestea vor fi clar identificate astfel \u00eenc\u00e2t utilizatorii s\u0103 poat\u0103 face distinc\u021bia \u00eentre recomand\u0103rile editoriale \u0219i publicitate.<\/p>\n\n\n\n<h2 class=\"wp-block-heading\">Colectarea \u0219i Utilizarea Datelor<\/h2>\n\n\n\n<p class=\"translation-block\">Confiden\u021bialitatea dumneavoastr\u0103 este o prioritate pentru noi. La Hora Tech Shop, urm\u0103m practici stricte de protec\u021bie a datelor:<\/p>\n\n\n\n<ul class=\"wp-block-list\">\n<li>Colect\u0103m doar informa\u021biile necesare pentru a procesa comenzile \u0219i pentru a \u00eembun\u0103t\u0103\u021bi experien\u021ba dumneavoastr\u0103 pe site.<\/li>\n\n\n\n<li>Nu \u00eemp\u0103rt\u0103\u0219im datele tale personale cu ter\u021bi f\u0103r\u0103 consim\u021b\u0103m\u00e2ntul t\u0103u explicit.<\/li>\n\n\n\n<li>Folosim cookie-uri pentru a oferi o experien\u021b\u0103 de navigare personalizat\u0103 \u0219i optimizat\u0103, cu op\u021biunea de a le dezactiva dup\u0103 preferin\u021be.<\/li>\n<\/ul>\n\n\n\n<p class=\"translation-block\">Pentru mai multe informa\u021bii, consulta\u021bi <a href=\"https:\/\/horatech.shop\/ro\/politica-de-privacidade\/\" target=\"_self\">Politica noastr\u0103 de Confiden\u021bialitate<\/a>.<\/p>\n\n\n\n<h2 class=\"wp-block-heading\">Transparen\u021b\u0103 Financiar\u0103<\/h2>\n\n\n\n<p class=\"translation-block\">Sus\u021binem Hora Tech Shop prin surse clare \u0219i etice de venituri, cum ar fi:<\/p>\n\n\n\n<ul class=\"wp-block-list\">\n<li class=\"translation-block\">Anun\u021buri: Afi\u0219\u0103m anun\u021buri de la re\u021bele de \u00eencredere, care sunt clar marcate ca atare, f\u0103r\u0103 a compromite independen\u021ba con\u021binutului.<\/li>\n\n\n\n<li class=\"translation-block\">Afiliati: Unele linkuri pentru produse pot genera comisioane atunci c\u00e2nd se efectueaz\u0103 o achizi\u021bie. Acest lucru nu afecteaz\u0103 recomand\u0103rile noastre, care se bazeaz\u0103 pe criterii de calitate \u0219i relevan\u021b\u0103.<\/li>\n\n\n\n<li class=\"translation-block\">Con\u021binut sponsorizat: C\u00e2nd lucr\u0103m cu con\u021binut sponsorizat, men\u021binem controlul editorial complet \u0219i ne asigur\u0103m c\u0103 aceste colabor\u0103ri sunt clar semnalizate.<\/li>\n<\/ul>\n\n\n\n<h2 class=\"wp-block-heading\">Corecturi \u0219i Actualiz\u0103ri<\/h2>\n\n\n\n<p>Suntem dedica\u021bi preciziei informa\u021biilor pe care le public\u0103m. Dac\u0103 \u00eent\u00e2mpina\u021bi orice eroare sau inexactitate pe site, v\u0103 \u00eencuraj\u0103m s\u0103 ne anun\u021ba\u021bi pentru a o corecta prompt. Apreciem colaborarea utilizatorilor no\u0219tri pentru a men\u021bine con\u021binutul actualizat.<\/p>\n\n\n\n<h2 class=\"wp-block-heading\">Contribu\u021bii ale Utilizatorilor<\/h2>\n\n\n\n<p>Dac\u0103 site-ul permite contribu\u021bii de con\u021binut din partea utilizatorilor, cum ar fi recenzii de produse sau comentarii, aceste opinii vor fi corect identificate ca fiind contribu\u021bii ale ter\u021bilor. Nu sus\u021binem neap\u0103rat punctele de vedere exprimate de utilizatori, cu excep\u021bia cazului \u00een care este indicat \u00een mod explicit.<\/p>\n\n\n\n<h2 class=\"wp-block-heading\">Contact \u0219i Feedback<\/h2>\n\n\n\n<p class=\"translation-block\">Transparen\u021ba este o strad\u0103 cu sens dublu, a\u0219a c\u0103 suntem \u00eentotdeauna deschi\u0219i s\u0103 ascult\u0103m clien\u021bii no\u0219tri. Dac\u0103 ave\u021bi \u00eentreb\u0103ri, sugestii sau comentarii despre aceast\u0103 politic\u0103 sau orice alt\u0103 chestiune legat\u0103 de magazinul nostru, v\u0103 rug\u0103m s\u0103 ne contacta\u021bi prin <a href=\"https:\/\/horatech.shop\/ro\/contato\/\" target=\"_self\">pagina noastr\u0103 de contact<\/a>.<\/p>\n\n\n\n<h2 class=\"wp-block-heading\">Modific\u0103ri ale acestei Politici<\/h2>\n\n\n\n<p class=\"translation-block\">Hora Tech Shop \u00ee\u0219i rezerv\u0103 dreptul de a actualiza periodic aceast\u0103 Politic\u0103 de Transparen\u021b\u0103. Recomand\u0103m utilizatorilor s\u0103 viziteze frecvent aceast\u0103 pagin\u0103 pentru a r\u0103m\u00e2ne informa\u021bi despre posibile modific\u0103ri. Utilizarea continu\u0103 a site-ului dup\u0103 modific\u0103ri implic\u0103 acceptarea noilor termeni.<\/p>","protected":false},"excerpt":{"rendered":"<p>Na Hora Tech Shop, valorizamos a confian\u00e7a dos nossos clientes e acreditamos que a transpar\u00eancia \u00e9 fundamental para manter um relacionamento honesto. Esta pol\u00edtica descreve como operamos, como tratamos os dados dos nossos usu\u00e1rios e como mantemos um modelo de neg\u00f3cios \u00e9tico e respons\u00e1vel. Integridade das Informa\u00e7\u00f5es Nosso compromisso \u00e9 fornecer informa\u00e7\u00f5es claras e precisas [&hellip;]<\/p>\n","protected":false},"author":2,"featured_media":0,"parent":0,"menu_order":0,"comment_status":"closed","ping_status":"closed","template":"","meta":{"footnotes":""},"class_list":["post-3469","page","type-page","status-publish","hentry"],"blocksy_meta":[],"jetpack_sharing_enabled":true,"_links":{"self":[{"href":"https:\/\/horatech.shop\/ro\/wp-json\/wp\/v2\/pages\/3469","targetHints":{"allow":["GET"]}}],"collection":[{"href":"https:\/\/horatech.shop\/ro\/wp-json\/wp\/v2\/pages"}],"about":[{"href":"https:\/\/horatech.shop\/ro\/wp-json\/wp\/v2\/types\/page"}],"author":[{"embeddable":true,"href":"https:\/\/horatech.shop\/ro\/wp-json\/wp\/v2\/users\/2"}],"replies":[{"embeddable":true,"href":"https:\/\/horatech.shop\/ro\/wp-json\/wp\/v2\/comments?post=3469"}],"version-history":[{"count":1,"href":"https:\/\/horatech.shop\/ro\/wp-json\/wp\/v2\/pages\/3469\/revisions"}],"predecessor-version":[{"id":3470,"href":"https:\/\/horatech.shop\/ro\/wp-json\/wp\/v2\/pages\/3469\/revisions\/3470"}],"wp:attachment":[{"href":"https:\/\/horatech.shop\/ro\/wp-json\/wp\/v2\/media?parent=3469"}],"curies":[{"name":"wp","href":"https:\/\/api.w.org\/{rel}","templated":true}]}}