{"id":3432,"date":"2024-07-30T22:27:18","date_gmt":"2024-07-31T01:27:18","guid":{"rendered":"https:\/\/horatech.shop\/?page_id=3432"},"modified":"2024-09-03T22:40:03","modified_gmt":"2024-09-04T01:40:03","slug":"sobre-nos","status":"publish","type":"page","link":"https:\/\/horatech.shop\/ro\/sobre-nos\/","title":{"rendered":"Despre Noi"},"content":{"rendered":"<p class=\"translation-block\">Numele meu este Andrey \u0219i sunt fondatorul acestui site. Cu 5 ani de experien\u021b\u0103 \u00een programare \u0219i o pasiune profund\u0103 pentru tehnologie, am creat Horatech pentru a \u00eemp\u0103rt\u0103\u0219i dragostea mea pentru gadgeturi, hardware \u0219i tot ce \u021bine de lumea tehnologic\u0103.<\/p>\n\n\n\n<h2 class=\"wp-block-heading\"><strong>Misiunea Noastr\u0103<\/strong><\/h2>\n\n\n\n<p class=\"translation-block\">La Horatech, misiunea noastr\u0103 este de a oferi informa\u021bii actualizate, sfaturi \u0219i recomand\u0103ri care s\u0103 te ajute s\u0103 faci cele mai bune alegeri \u00een tehnologie. De la recenzii de produse p\u00e2n\u0103 la tutoriale detaliate, suntem aici pentru a te ghida \u00een acest univers \u00een continu\u0103 evolu\u021bie.<\/p>\n\n\n\n<h2 class=\"wp-block-heading\"><strong>Istoria Noastr\u0103<\/strong><\/h2>\n\n\n\n<p>Ideea pentru Horatech a ap\u0103rut din dorin\u021ba de a crea un spa\u021biu \u00een care entuzia\u0219tii tehnologiei, ca mine, s\u0103 poat\u0103 g\u0103si con\u021binut de \u00eencredere \u0219i util. De-a lungul anilor, am realizat importan\u021ba de a fi mereu la curent cu cele mai recente tendin\u021be \u0219i inova\u021bii \u0219i am vrut s\u0103 \u00eemp\u0103rt\u0103\u0219esc aceast\u0103 cuno\u0219tin\u021b\u0103 cu o comunitate mai larg\u0103.<\/p>\n\n\n\n<h2 class=\"wp-block-heading\"><strong>De ce s\u0103 accesezi Horatech?<\/strong><\/h2>\n\n\n\n<ul class=\"wp-block-list\">\n<li class=\"translation-block\">Experien\u021b\u0103: Cu 5 ani de experien\u021b\u0103 \u00een programare \u0219i o \u00een\u021belegere solid\u0103 a tehnologiei, sunt dedicat s\u0103 ofer con\u021binut care adaug\u0103 cu adev\u0103rat valoare.<\/li>\n\n\n\n<li class=\"translation-block\">Pasiune: Fiecare articol, recenzie \u0219i sfat pe care \u00eel g\u0103se\u0219ti aici este rezultatul unei adev\u0103rate pasiuni pentru tehnologie.<\/li>\n\n\n\n<li class=\"translation-block\">Comunitate: Cred c\u0103 tehnologia ar trebui s\u0103 fie accesibil\u0103 tuturor. De aceea, sunt \u00eentotdeauna disponibil pentru a r\u0103spunde \u00eentreb\u0103rilor, a oferi suport \u0219i a te ajuta s\u0103 navighezi \u00een lumea digital\u0103<\/li>\n<\/ul>\n\n\n\n<h2 class=\"wp-block-heading\"><strong>Haide s\u0103 ne conect\u0103m?<\/strong><\/h2>\n\n\n\n<p>Dac\u0103 \u00eemp\u0103rt\u0103\u0219e\u0219ti aceea\u0219i pasiune pentru tehnologie, nu ezita s\u0103 explorezi articolele noastre, s\u0103 la\u0219i \u00eentreb\u0103rile tale \u00een comentarii sau s\u0103 ne contactezi direct. Sunt \u00eentotdeauna ner\u0103bd\u0103tor s\u0103 \u00eent\u00e2lnesc persoane care \u00eemp\u0103rt\u0103\u0219esc aceast\u0103 pasiune.<\/p>\n\n\n\n<p>Mul\u021bumim c\u0103 ai vizitat Horatech.shop \u0219i sper\u0103m s\u0103 g\u0103se\u0219ti exact ceea ce c\u0103utai!<\/p>\n\n\n\n<h2 class=\"wp-block-heading\"><strong>Contact<\/strong><\/h2>\n\n\n\n<p class=\"translation-block\">Dac\u0103 ai \u00eentreb\u0103ri sau vrei pur \u0219i simplu s\u0103 spui bun\u0103, m\u0103 po\u021bi contacta prin <a href=\"https:\/\/horatech.shop\/ro\/contato\/\" target=\"_self\">pagina de contact<\/a>.<\/p>","protected":false},"excerpt":{"rendered":"<p>Meu nome \u00e9 Andrey, e sou o fundador deste site. Com 5 anos de experi\u00eancia em programa\u00e7\u00e3o e uma paix\u00e3o profunda por tecnologia, criei o Horatech para compartilhar meu amor por gadgets, hardware e tudo relacionado ao mundo tecnol\u00f3gico. Nossa Miss\u00e3o No Horatech, nossa miss\u00e3o \u00e9 trazer informa\u00e7\u00f5es atualizadas, dicas e recomenda\u00e7\u00f5es que ajudem voc\u00ea [&hellip;]<\/p>\n","protected":false},"author":2,"featured_media":0,"parent":0,"menu_order":0,"comment_status":"closed","ping_status":"closed","template":"","meta":{"footnotes":""},"class_list":["post-3432","page","type-page","status-publish","hentry"],"blocksy_meta":[],"jetpack_sharing_enabled":true,"_links":{"self":[{"href":"https:\/\/horatech.shop\/ro\/wp-json\/wp\/v2\/pages\/3432","targetHints":{"allow":["GET"]}}],"collection":[{"href":"https:\/\/horatech.shop\/ro\/wp-json\/wp\/v2\/pages"}],"about":[{"href":"https:\/\/horatech.shop\/ro\/wp-json\/wp\/v2\/types\/page"}],"author":[{"embeddable":true,"href":"https:\/\/horatech.shop\/ro\/wp-json\/wp\/v2\/users\/2"}],"replies":[{"embeddable":true,"href":"https:\/\/horatech.shop\/ro\/wp-json\/wp\/v2\/comments?post=3432"}],"version-history":[{"count":3,"href":"https:\/\/horatech.shop\/ro\/wp-json\/wp\/v2\/pages\/3432\/revisions"}],"predecessor-version":[{"id":3460,"href":"https:\/\/horatech.shop\/ro\/wp-json\/wp\/v2\/pages\/3432\/revisions\/3460"}],"wp:attachment":[{"href":"https:\/\/horatech.shop\/ro\/wp-json\/wp\/v2\/media?parent=3432"}],"curies":[{"name":"wp","href":"https:\/\/api.w.org\/{rel}","templated":true}]}}