{"id":3424,"date":"2024-07-30T22:18:03","date_gmt":"2024-07-31T01:18:03","guid":{"rendered":"https:\/\/horatech.shop\/?page_id=3424"},"modified":"2024-09-03T22:25:26","modified_gmt":"2024-09-04T01:25:26","slug":"politica-de-cookies","status":"publish","type":"page","link":"https:\/\/horatech.shop\/ro\/politica-de-cookies\/","title":{"rendered":"Politica de cookie-uri"},"content":{"rendered":"<p class=\"translation-block\">La <strong>Horatech<\/strong>, folosim cookie-uri \u0219i tehnologii similare pentru a v\u0103 \u00eembun\u0103t\u0103\u021bi experien\u021ba pe site-ul nostru \u0219i pentru a \u00een\u021belege cum interac\u021biona\u021bi cu acesta.<\/p>\n\n\n\n<p class=\"translation-block\">Aceast\u0103 <strong>Politic\u0103 de Cookie-uri<\/strong> explic\u0103 ce sunt cookie-urile, cum le folosim \u0219i cum v\u0103 pute\u021bi gestiona preferin\u021bele privind cookie-urile.<\/p>\n\n\n\n<h2 class=\"wp-block-heading\"><strong>1. Ce sunt Cookie-urile?<\/strong><\/h2>\n\n\n\n<p>Cookie-urile sunt fi\u0219iere text de mici dimensiuni care sunt stocate pe dispozitivul dumneavoastr\u0103 (computer, tablet\u0103 sau smartphone) c\u00e2nd vizita\u021bi un site web. Ele ajut\u0103 site-ul s\u0103-\u0219i aminteasc\u0103 ac\u021biunile \u0219i preferin\u021bele dumneavoastr\u0103 \u00een timp, f\u0103c\u00e2nd navigarea mai eficient\u0103 \u0219i personalizat\u0103.<\/p>\n\n\n\n<h2 class=\"wp-block-heading\"><strong>2. Cum Folosim Cookie-urile<\/strong><\/h2>\n\n\n\n<p>Folosim cookie-uri pentru:<\/p>\n\n\n\n<ul class=\"wp-block-list\">\n<li class=\"translation-block\">\u00cembun\u0103t\u0103\u021birea naviga\u021biei: Amintirea preferin\u021belor \u0219i set\u0103rilor tale, cum ar fi limba \u0219i loca\u021bia.<\/li>\n\n\n\n<li class=\"translation-block\">Analizarea utiliz\u0103rii site-ului: Colectarea de informa\u021bii despre modul \u00een care utiliza\u021bi site-ul nostru pentru a ajuta la \u00eembun\u0103t\u0103\u021birea serviciilor noastre \u0219i pentru a \u00een\u021belege care zone ale site-ului sunt cele mai populare.<\/li>\n\n\n\n<li class=\"translation-block\">Personalizeaz\u0103 experien\u021ba: Afi\u0219area de con\u021binut \u0219i oferte relevante pe baza intereselor \u0219i comportamentului t\u0103u de navigare.<\/li>\n\n\n\n<li class=\"translation-block\">Furnizarea suportului tehnic: Asigurarea func\u021bion\u0103rii corecte a site-ului nostru \u0219i rezolvarea problemelor tehnice.<\/li>\n<\/ul>\n\n\n\n<h2 class=\"wp-block-heading\"><strong>3. Tipuri de Cookie-uri pe care le Utiliz\u0103m<\/strong><\/h2>\n\n\n\n<ul class=\"wp-block-list\">\n<li class=\"translation-block\">Cookie-uri esen\u021biale: Necesare pentru ca site-ul s\u0103 func\u021bioneze corect \u0219i pentru a v\u0103 permite s\u0103 naviga\u021bi \u0219i s\u0103 utiliza\u021bi func\u021biile sale.<\/li>\n\n\n\n<li class=\"translation-block\">Cookie-uri de performan\u021b\u0103: Colecteaz\u0103 informa\u021bii despre cum vizitatorii folosesc site-ul, ajut\u00e2ndu-ne s\u0103 \u00eembun\u0103t\u0103\u021bim performan\u021ba acestuia.<\/li>\n\n\n\n<li class=\"translation-block\">Cookie-uri Func\u021bionale: Permite site-ului s\u0103 \u00ee\u0219i aminteasc\u0103 alegerile \u0219i preferin\u021bele tale, cum ar fi numele de utilizator \u0219i preferin\u021bele lingvistice.<\/li>\n\n\n\n<li class=\"translation-block\">Cookie-uri publicitare: Sunt folosite pentru a-\u021bi ar\u0103ta anun\u021buri relevante \u0219i pentru a limita num\u0103rul de ori c\u00e2nd vezi un anun\u021b.<\/li>\n<\/ul>\n\n\n\n<h2 class=\"wp-block-heading\"><strong>Cum s\u0103 Gestiunezi Cookie-urile<\/strong><\/h2>\n\n\n\n<p>Po\u021bi gestiona preferin\u021bele pentru cookie-uri ajust\u00e2nd set\u0103rile browserului t\u0103u. Majoritatea browserelor \u00ee\u021bi permit s\u0103 controlezi cookie-urile accept\u00e2ndu-le sau resping\u00e2ndu-le, precum \u0219i s\u0103 le \u0219tergi. Totu\u0219i, dezactivarea cookie-urilor poate afecta experien\u021ba ta pe site-ul nostru.<\/p>\n\n\n\n<p>Pentru mai multe informa\u021bii despre cum s\u0103 gestiona\u021bi cookie-urile \u00een diferite browsere, vizita\u021bi site-urile de suport ale browserelor:<\/p>\n\n\n\n<ul class=\"wp-block-list\">\n<li><a href=\"https:\/\/support.google.com\/chrome\/answer\/95647\" target=\"_blank\" rel=\"noopener\">Google Chrome<\/a><\/li>\n\n\n\n<li><a href=\"https:\/\/support.mozilla.org\/en-US\/kb\/enable-and-disable-cookies-website-preferences\" target=\"_blank\" rel=\"noopener\">Mozilla Firefox<\/a><\/li>\n\n\n\n<li><a href=\"https:\/\/support.microsoft.com\/en-us\/help\/4468242\/microsoft-edge-browsing-data-and-privacy\" target=\"_blank\" rel=\"noopener\">Microsoft Edge<\/a><\/li>\n\n\n\n<li><a href=\"https:\/\/support.apple.com\/en-us\/HT201265\" target=\"_blank\" rel=\"noopener\">Safari<\/a><\/li>\n<\/ul>\n\n\n\n<h2 class=\"wp-block-heading\"><strong>5. Cookie-uri de Ter\u021b\u0103 Parte<\/strong><\/h2>\n\n\n\n<p>De asemenea, putem permite ter\u021bilor s\u0103 utilizeze cookie-uri pe site-ul nostru \u00een scopuri analitice \u0219i publicitare. Ace\u0219ti ter\u021bi au propriile lor politici de cookie-uri \u0219i de confiden\u021bialitate, iar noi recomand\u0103m s\u0103 le revizui\u021bi.<\/p>\n\n\n\n<h2 class=\"wp-block-heading\"><strong>6. Modific\u0103ri ale acestei Politici<\/strong><\/h2>\n\n\n\n<p>Putem actualiza ocazional aceast\u0103 Politic\u0103 de Cookies pentru a reflecta modific\u0103rile \u00een cookie-urile noastre \u0219i practicile de confiden\u021bialitate. Orice actualiz\u0103ri vor fi publicate pe site-ul nostru \u0219i, dac\u0103 este necesar, v\u0103 vom notifica prin e-mail.<\/p>\n\n\n\n<h2 class=\"wp-block-heading\"><strong>7. Contact<\/strong><\/h2>\n\n\n\n<p class=\"translation-block\">Dac\u0103 ave\u021bi \u00eentreb\u0103ri despre aceast\u0103 Politic\u0103 de Cookies sau despre cum folosim cookie-urile, v\u0103 rug\u0103m s\u0103 ne contacta\u021bi la: admin@horatech.shop.<\/p>\n\n\n\n<p><br><\/p>","protected":false},"excerpt":{"rendered":"<p>Na Horatech, utilizamos cookies e tecnologias semelhantes para melhorar sua experi\u00eancia em nosso site e para entender como voc\u00ea interage com ele. Esta Pol\u00edtica de Cookies explica o que s\u00e3o cookies, como os usamos e como voc\u00ea pode gerenciar suas prefer\u00eancias de cookies. 1. O que s\u00e3o Cookies? Cookies s\u00e3o pequenos arquivos de texto que [&hellip;]<\/p>\n","protected":false},"author":2,"featured_media":0,"parent":0,"menu_order":0,"comment_status":"closed","ping_status":"closed","template":"","meta":{"footnotes":""},"class_list":["post-3424","page","type-page","status-publish","hentry"],"blocksy_meta":[],"jetpack_sharing_enabled":true,"_links":{"self":[{"href":"https:\/\/horatech.shop\/ro\/wp-json\/wp\/v2\/pages\/3424","targetHints":{"allow":["GET"]}}],"collection":[{"href":"https:\/\/horatech.shop\/ro\/wp-json\/wp\/v2\/pages"}],"about":[{"href":"https:\/\/horatech.shop\/ro\/wp-json\/wp\/v2\/types\/page"}],"author":[{"embeddable":true,"href":"https:\/\/horatech.shop\/ro\/wp-json\/wp\/v2\/users\/2"}],"replies":[{"embeddable":true,"href":"https:\/\/horatech.shop\/ro\/wp-json\/wp\/v2\/comments?post=3424"}],"version-history":[{"count":2,"href":"https:\/\/horatech.shop\/ro\/wp-json\/wp\/v2\/pages\/3424\/revisions"}],"predecessor-version":[{"id":3430,"href":"https:\/\/horatech.shop\/ro\/wp-json\/wp\/v2\/pages\/3424\/revisions\/3430"}],"wp:attachment":[{"href":"https:\/\/horatech.shop\/ro\/wp-json\/wp\/v2\/media?parent=3424"}],"curies":[{"name":"wp","href":"https:\/\/api.w.org\/{rel}","templated":true}]}}