{"id":3469,"date":"2024-09-20T14:42:49","date_gmt":"2024-09-20T17:42:49","guid":{"rendered":"https:\/\/horatech.shop\/?page_id=3469"},"modified":"2024-09-20T14:42:49","modified_gmt":"2024-09-20T17:42:49","slug":"politica-de-transparencia","status":"publish","type":"page","link":"https:\/\/horatech.shop\/pl\/polityka-przejrzystosci\/","title":{"rendered":"Polityka przejrzysto\u015bci"},"content":{"rendered":"<p class=\"translation-block\">W Hora Tech Shop cenimy sobie zaufanie naszych klient\u00f3w i wierzymy, \u017ce przejrzysto\u015b\u0107 jest kluczowa dla utrzymania uczciwej relacji. Ta polityka opisuje, jak dzia\u0142amy, jak traktujemy dane naszych u\u017cytkownik\u00f3w i jak utrzymujemy etyczny i odpowiedzialny model biznesowy.<\/p>\n\n\n\n<h2 class=\"wp-block-heading\">Integralno\u015b\u0107 Informacji<\/h2>\n\n\n\n<p>Nasze zobowi\u0105zanie to dostarczanie jasnych i dok\u0142adnych informacji o wszystkich produktach i us\u0142ugach dost\u0119pnych w naszym sklepie. Regularnie przeprowadzamy przegl\u0105dy i aktualizacje, aby zapewni\u0107 prawdziwo\u015b\u0107 prezentowanych danych. Je\u015bli oferujemy produkty sponsorowane lub polecenia afiliacyjne, b\u0119d\u0105 one wyra\u017anie oznaczone, aby u\u017cytkownicy mogli rozr\u00f3\u017cni\u0107 rekomendacje redakcyjne od reklam.<\/p>\n\n\n\n<h2 class=\"wp-block-heading\">Zbieranie i Wykorzystanie Danych<\/h2>\n\n\n\n<p class=\"translation-block\">Twoja prywatno\u015b\u0107 jest dla nas priorytetem. W Hora Tech Shop przestrzegamy rygorystycznych praktyk ochrony danych:<\/p>\n\n\n\n<ul class=\"wp-block-list\">\n<li>Zbieramy tylko niezb\u0119dne informacje do przetwarzania zam\u00f3wie\u0144 i poprawy Twojego do\u015bwiadczenia na stronie.<\/li>\n\n\n\n<li>Nie udost\u0119pniamy twoich danych osobowych stronom trzecim bez twojej wyra\u017anej zgody.<\/li>\n\n\n\n<li>U\u017cywamy ciasteczek, aby zapewni\u0107 spersonalizowane i zoptymalizowane przegl\u0105danie, z mo\u017cliwo\u015bci\u0105 ich wy\u0142\u0105czenia zgodnie z preferencjami.<\/li>\n<\/ul>\n\n\n\n<p class=\"translation-block\">Aby uzyska\u0107 wi\u0119cej informacji, zapoznaj si\u0119 z nasz\u0105 <a href=\"https:\/\/horatech.shop\/pl\/polityka-prywatnosci\/\" target=\"_self\">Polityk\u0105 Prywatno\u015bci<\/a>.<\/p>\n\n\n\n<h2 class=\"wp-block-heading\">Przejrzysto\u015b\u0107 Finansowa<\/h2>\n\n\n\n<p class=\"translation-block\">Utrzymujemy Hora Tech Shop dzi\u0119ki przejrzystym i etycznym \u017ar\u00f3d\u0142om dochod\u00f3w, takim jak:<\/p>\n\n\n\n<ul class=\"wp-block-list\">\n<li class=\"translation-block\">Reklamy: Wy\u015bwietlamy reklamy z zaufanych sieci, kt\u00f3re s\u0105 wyra\u017anie oznaczone jako takie, nie naruszaj\u0105c niezale\u017cno\u015bci tre\u015bci.<\/li>\n\n\n\n<li class=\"translation-block\">Programy partnerskie: Niekt\u00f3re linki do produkt\u00f3w mog\u0105 przynie\u015b\u0107 nam prowizje, gdy zostanie dokonany zakup. Nie wp\u0142ywa to na nasze rekomendacje, kt\u00f3re opieraj\u0105 si\u0119 na kryteriach jako\u015bci i istotno\u015bci.<\/li>\n\n\n\n<li class=\"translation-block\">Tre\u015bci sponsorowane: Kiedy pracujemy z tre\u015bciami sponsorowanymi, zachowujemy pe\u0142n\u0105 kontrol\u0119 redakcyjn\u0105 i zapewniamy, \u017ce te wsp\u00f3\u0142prace s\u0105 wyra\u017anie oznaczone.<\/li>\n<\/ul>\n\n\n\n<h2 class=\"wp-block-heading\">Korekty i Aktualizacje<\/h2>\n\n\n\n<p>Jeste\u015bmy zobowi\u0105zani do dok\u0142adno\u015bci informacji, kt\u00f3re publikujemy. Je\u015bli znajdziesz jakiekolwiek b\u0142\u0119dy lub nie\u015bcis\u0142o\u015bci na stronie, zach\u0119camy do poinformowania nas, aby\u015bmy mogli je szybko poprawi\u0107. Doceniamy wsp\u00f3\u0142prac\u0119 naszych u\u017cytkownik\u00f3w w utrzymaniu tre\u015bci na bie\u017c\u0105co.<\/p>\n\n\n\n<h2 class=\"wp-block-heading\">Wk\u0142ad U\u017cytkownik\u00f3w<\/h2>\n\n\n\n<p>Je\u015bli strona umo\u017cliwia wk\u0142ad w tre\u015b\u0107 u\u017cytkownik\u00f3w, taki jak recenzje produkt\u00f3w lub komentarze, te opinie b\u0119d\u0105 odpowiednio identyfikowane jako wk\u0142ady os\u00f3b trzecich. Nie popieramy koniecznie punkt\u00f3w widzenia wyra\u017conych przez u\u017cytkownik\u00f3w, chyba \u017ce zostanie to wyra\u017anie wskazane.<\/p>\n\n\n\n<h2 class=\"wp-block-heading\">Kontakt i Opinie<\/h2>\n\n\n\n<p class=\"translation-block\">Przejrzysto\u015b\u0107 to droga dwukierunkowa, dlatego zawsze jeste\u015bmy otwarci na wys\u0142uchanie naszych klient\u00f3w. Je\u015bli masz jakiekolwiek pytania, sugestie lub komentarze dotycz\u0105ce tej polityki lub jakiejkolwiek innej kwestii zwi\u0105zanej z naszym sklepem, skontaktuj si\u0119 z nami za po\u015brednictwem naszej <a href=\"https:\/\/horatech.shop\/pl\/kontakt\/\" target=\"_self\">strony kontaktowej<\/a>.<\/p>\n\n\n\n<h2 class=\"wp-block-heading\">Zmiany w tej Polityce<\/h2>\n\n\n\n<p class=\"translation-block\">Hora Tech Shop zastrzega sobie prawo do okresowej aktualizacji tej Polityki Transparentno\u015bci. Zalecamy u\u017cytkownikom regularne odwiedzanie tej strony, aby by\u0107 na bie\u017c\u0105co z ewentualnymi zmianami. Ci\u0105g\u0142e korzystanie z witryny po zmianach oznacza akceptacj\u0119 nowych warunk\u00f3w.<\/p>","protected":false},"excerpt":{"rendered":"<p>Na Hora Tech Shop, valorizamos a confian\u00e7a dos nossos clientes e acreditamos que a transpar\u00eancia \u00e9 fundamental para manter um relacionamento honesto. Esta pol\u00edtica descreve como operamos, como tratamos os dados dos nossos usu\u00e1rios e como mantemos um modelo de neg\u00f3cios \u00e9tico e respons\u00e1vel. Integridade das Informa\u00e7\u00f5es Nosso compromisso \u00e9 fornecer informa\u00e7\u00f5es claras e precisas [&hellip;]<\/p>\n","protected":false},"author":2,"featured_media":0,"parent":0,"menu_order":0,"comment_status":"closed","ping_status":"closed","template":"","meta":{"footnotes":""},"class_list":["post-3469","page","type-page","status-publish","hentry"],"blocksy_meta":[],"jetpack_sharing_enabled":true,"_links":{"self":[{"href":"https:\/\/horatech.shop\/pl\/wp-json\/wp\/v2\/pages\/3469","targetHints":{"allow":["GET"]}}],"collection":[{"href":"https:\/\/horatech.shop\/pl\/wp-json\/wp\/v2\/pages"}],"about":[{"href":"https:\/\/horatech.shop\/pl\/wp-json\/wp\/v2\/types\/page"}],"author":[{"embeddable":true,"href":"https:\/\/horatech.shop\/pl\/wp-json\/wp\/v2\/users\/2"}],"replies":[{"embeddable":true,"href":"https:\/\/horatech.shop\/pl\/wp-json\/wp\/v2\/comments?post=3469"}],"version-history":[{"count":1,"href":"https:\/\/horatech.shop\/pl\/wp-json\/wp\/v2\/pages\/3469\/revisions"}],"predecessor-version":[{"id":3470,"href":"https:\/\/horatech.shop\/pl\/wp-json\/wp\/v2\/pages\/3469\/revisions\/3470"}],"wp:attachment":[{"href":"https:\/\/horatech.shop\/pl\/wp-json\/wp\/v2\/media?parent=3469"}],"curies":[{"name":"wp","href":"https:\/\/api.w.org\/{rel}","templated":true}]}}