{"id":3428,"date":"2024-07-30T22:23:25","date_gmt":"2024-07-31T01:23:25","guid":{"rendered":"https:\/\/horatech.shop\/?page_id=3428"},"modified":"2024-09-03T22:26:24","modified_gmt":"2024-09-04T01:26:24","slug":"politica-de-comentarios","status":"publish","type":"page","link":"https:\/\/horatech.shop\/pl\/polityka-komentarzy\/","title":{"rendered":"Polityka komentarzy"},"content":{"rendered":"<p class=\"translation-block\">W Horatech cenimy interakcj\u0119 z naszymi odwiedzaj\u0105cymi i zach\u0119camy do udzia\u0142u poprzez komentarze w naszych artyku\u0142ach i postach.<\/p>\n\n\n\n<p>Aby zapewni\u0107 szacunek i konstruktywne \u015brodowisko, ustalili\u015bmy nast\u0119puj\u0105ce zasady dotycz\u0105ce komentarzy.<\/p>\n\n\n\n<h2 class=\"wp-block-heading\"><strong>1. Szacunek i Grzeczno\u015b\u0107<\/strong><\/h2>\n\n\n\n<p>Wszystkie komentarze musz\u0105 by\u0107 pe\u0142ne szacunku i traktowa\u0107 innych u\u017cytkownik\u00f3w z uprzedzeniem. Komentarze obra\u017aliwe, nadu\u017cywaj\u0105ce, znies\u0142awiaj\u0105ce, uprzedzone lub nawo\u0142uj\u0105ce do nienawi\u015bci, przemocy lub dyskryminacji jakiegokolwiek rodzaju nie b\u0119d\u0105 tolerowane.<\/p>\n\n\n\n<h2 class=\"wp-block-heading\"><strong>2. Trafno\u015b\u0107<\/strong><\/h2>\n\n\n\n<p>Zachowaj komentarze zwi\u0105zane z tematem omawianym w po\u015bcie. Komentarze nie na temat lub odbiegaj\u0105ce od tematu mog\u0105 zosta\u0107 usuni\u0119te.<\/p>\n\n\n\n<h2 class=\"wp-block-heading\"><strong>3. Zakaz spamu i reklam<\/strong><\/h2>\n\n\n\n<p>Nie wolno u\u017cywa\u0107 komentarzy do promowania produkt\u00f3w, us\u0142ug lub stron internetowych stron trzecich. Komentarze zawieraj\u0105ce spam, niezam\u00f3wione linki lub promocje zostan\u0105 usuni\u0119te.<\/p>\n\n\n\n<h2 class=\"wp-block-heading\"><strong>4. Prawa Autorskie i W\u0142asno\u015b\u0107 Intelektualna<\/strong><\/h2>\n\n\n\n<p>Upewnij si\u0119, \u017ce wszelkie tre\u015bci, kt\u00f3re udost\u0119pniasz w swoich komentarzach, w tym teksty, obrazy i linki, s\u0105 wolne od narusze\u0144 praw autorskich lub w\u0142asno\u015bci intelektualnej os\u00f3b trzecich.<\/p>\n\n\n\n<h2 class=\"wp-block-heading\"><strong>5. Moderacja Komentarzy<\/strong><\/h2>\n\n\n\n<p>Zastrzegamy sobie prawo do moderowania, zatwierdzania lub usuwania ka\u017cdego komentarza, kt\u00f3ry uznamy za nieodpowiedni lub kt\u00f3ry narusza t\u0119 Polityk\u0119 Komentarzy. Obejmuje to usuwanie komentarzy zawieraj\u0105cych nieodpowiedni j\u0119zyk, wra\u017cliwe informacje osobiste lub jakiekolwiek inne tre\u015bci, kt\u00f3re nie s\u0105 zgodne z ustalonymi wytycznymi.<\/p>\n\n\n\n<h2 class=\"wp-block-heading\"><strong>6. Odpowiedzialno\u015b\u0107 za Komentarze<\/strong><\/h2>\n\n\n\n<p>Komentarze opublikowane na Horatech.shop s\u0105 wy\u0142\u0105czn\u0105 odpowiedzialno\u015bci\u0105 autor\u00f3w i nie odzwierciedlaj\u0105 koniecznie opinii naszego zespo\u0142u. Nie ponosimy odpowiedzialno\u015bci za tre\u015b\u0107 komentarzy zamieszczanych przez u\u017cytkownik\u00f3w.<\/p>\n\n\n\n<h2 class=\"wp-block-heading\"><strong>7. Zg\u0142oszenia<\/strong><\/h2>\n\n\n\n<p>Je\u015bli znajdziesz komentarz, kt\u00f3ry uznasz za obra\u017aliwy lub kt\u00f3ry narusza t\u0119 Polityk\u0119 Komentarzy, skontaktuj si\u0119 z nami, aby\u015bmy mogli oceni\u0107 sytuacj\u0119 i podj\u0105\u0107 niezb\u0119dne dzia\u0142ania.<\/p>\n\n\n\n<h2 class=\"wp-block-heading\"><strong>8. Zmiany w Polityce Komentarzy<\/strong><\/h2>\n\n\n\n<p>Mo\u017cemy okresowo aktualizowa\u0107 t\u0119 Polityk\u0119 Komentarzy, aby odzwierciedli\u0107 zmiany w naszych praktykach. Opublikujemy wszelkie zmiany na naszej stronie internetowej i zalecamy regularne przegl\u0105danie tej strony.<\/p>\n\n\n\n<h2 class=\"wp-block-heading\"><strong>9. Kontakt<\/strong><\/h2>\n\n\n\n<p>Je\u015bli masz jakiekolwiek pytania lub w\u0105tpliwo\u015bci dotycz\u0105ce tej Polityki Komentarzy, skontaktuj si\u0119 z nami za po\u015brednictwem e-maila pod: <strong>admin@horatech.shop<\/strong>.<\/p>","protected":false},"excerpt":{"rendered":"<p>Na Horatech, valorizamos a intera\u00e7\u00e3o com nossos visitantes e incentivamos a participa\u00e7\u00e3o atrav\u00e9s de coment\u00e1rios em nossos artigos e posts. Para garantir um ambiente respeitoso e construtivo, estabelecemos as seguintes diretrizes para os coment\u00e1rios. 1. Respeito e Cordialidade Todos os coment\u00e1rios devem ser respeitosos e tratar outros usu\u00e1rios com cordialidade. N\u00e3o ser\u00e3o tolerados coment\u00e1rios ofensivos, [&hellip;]<\/p>\n","protected":false},"author":2,"featured_media":0,"parent":0,"menu_order":0,"comment_status":"closed","ping_status":"closed","template":"","meta":{"footnotes":""},"class_list":["post-3428","page","type-page","status-publish","hentry"],"blocksy_meta":[],"jetpack_sharing_enabled":true,"_links":{"self":[{"href":"https:\/\/horatech.shop\/pl\/wp-json\/wp\/v2\/pages\/3428","targetHints":{"allow":["GET"]}}],"collection":[{"href":"https:\/\/horatech.shop\/pl\/wp-json\/wp\/v2\/pages"}],"about":[{"href":"https:\/\/horatech.shop\/pl\/wp-json\/wp\/v2\/types\/page"}],"author":[{"embeddable":true,"href":"https:\/\/horatech.shop\/pl\/wp-json\/wp\/v2\/users\/2"}],"replies":[{"embeddable":true,"href":"https:\/\/horatech.shop\/pl\/wp-json\/wp\/v2\/comments?post=3428"}],"version-history":[{"count":1,"href":"https:\/\/horatech.shop\/pl\/wp-json\/wp\/v2\/pages\/3428\/revisions"}],"predecessor-version":[{"id":3431,"href":"https:\/\/horatech.shop\/pl\/wp-json\/wp\/v2\/pages\/3428\/revisions\/3431"}],"wp:attachment":[{"href":"https:\/\/horatech.shop\/pl\/wp-json\/wp\/v2\/media?parent=3428"}],"curies":[{"name":"wp","href":"https:\/\/api.w.org\/{rel}","templated":true}]}}