{"id":3424,"date":"2024-07-30T22:18:03","date_gmt":"2024-07-31T01:18:03","guid":{"rendered":"https:\/\/horatech.shop\/?page_id=3424"},"modified":"2024-09-03T22:25:26","modified_gmt":"2024-09-04T01:25:26","slug":"politica-de-cookies","status":"publish","type":"page","link":"https:\/\/horatech.shop\/pl\/polityka-cookies\/","title":{"rendered":"Polityka ciasteczek"},"content":{"rendered":"<p class=\"translation-block\">W <strong>Horatech<\/strong> u\u017cywamy plik\u00f3w cookie i podobnych technologii, aby poprawi\u0107 Twoje wra\u017cenia na naszej stronie internetowej i zrozumie\u0107, jak z ni\u0105 wsp\u00f3\u0142dzia\u0142asz.<\/p>\n\n\n\n<p class=\"translation-block\">Ta <strong>Polityka Plik\u00f3w Cookie<\/strong> wyja\u015bnia, czym s\u0105 pliki cookie, jak ich u\u017cywamy i jak mo\u017cesz zarz\u0105dza\u0107 swoimi preferencjami dotycz\u0105cymi plik\u00f3w cookie.<\/p>\n\n\n\n<h2 class=\"wp-block-heading\"><strong>1. Czym s\u0105 Pliki Cookie?<\/strong><\/h2>\n\n\n\n<p>Pliki cookie to ma\u0142e pliki tekstowe przechowywane na Twoim urz\u0105dzeniu (komputerze, tablecie lub smartfonie) podczas odwiedzania witryny internetowej. Pomagaj\u0105 witrynie zapami\u0119ta\u0107 Twoje dzia\u0142ania i preferencje w czasie, sprawiaj\u0105c, \u017ce przegl\u0105danie jest bardziej wydajne i spersonalizowane.<\/p>\n\n\n\n<h2 class=\"wp-block-heading\"><strong>2. Jak U\u017cywamy Plik\u00f3w Cookie<\/strong><\/h2>\n\n\n\n<p>U\u017cywamy plik\u00f3w cookie do:<\/p>\n\n\n\n<ul class=\"wp-block-list\">\n<li class=\"translation-block\">Poprawa nawigacji: Zapami\u0119tanie Twoich preferencji i ustawie\u0144, takich jak j\u0119zyk i lokalizacja.<\/li>\n\n\n\n<li class=\"translation-block\">Analizowanie korzystania z witryny: Zbieranie informacji o tym, jak korzystasz z naszej witryny, aby pom\u00f3c w poprawie naszych us\u0142ug i zrozumieniu, kt\u00f3re obszary witryny s\u0105 najpopularniejsze.<\/li>\n\n\n\n<li class=\"translation-block\">Personalizowanie do\u015bwiadczenia: Wy\u015bwietlanie odpowiednich tre\u015bci i ofert w zale\u017cno\u015bci od twoich zainteresowa\u0144 i zachowa\u0144 przegl\u0105dania.<\/li>\n\n\n\n<li class=\"translation-block\">\u015awiadczy\u0107 wsparcie techniczne: Zapewnienie prawid\u0142owego dzia\u0142ania naszej strony internetowej i rozwi\u0105zywanie problem\u00f3w technicznych.<\/li>\n<\/ul>\n\n\n\n<h2 class=\"wp-block-heading\"><strong>3. Rodzaje plik\u00f3w cookie, kt\u00f3rych u\u017cywamy<\/strong><\/h2>\n\n\n\n<ul class=\"wp-block-list\">\n<li class=\"translation-block\">Niezb\u0119dne pliki cookie: Niezb\u0119dne do prawid\u0142owego dzia\u0142ania strony i umo\u017cliwiaj\u0105ce Ci nawigacj\u0119 i korzystanie z jej funkcji.<\/li>\n\n\n\n<li class=\"translation-block\">Pliki cookie wydajno\u015bciowe: Zbieraj\u0105 informacje na temat tego, jak odwiedzaj\u0105cy korzystaj\u0105 ze strony, pomagaj\u0105c nam poprawi\u0107 jej wydajno\u015b\u0107.<\/li>\n\n\n\n<li class=\"translation-block\">Pliki cookie funkcjonalne: Pozwalaj\u0105 stronie zapami\u0119ta\u0107 twoje wybory i preferencje, takie jak nazwa u\u017cytkownika i preferencje j\u0119zykowe.<\/li>\n\n\n\n<li class=\"translation-block\">Pliki cookie reklamowe: S\u0142u\u017c\u0105 do wy\u015bwietlania odpowiednich reklam i ograniczenia liczby wy\u015bwietle\u0144 tej samej reklamy.<\/li>\n<\/ul>\n\n\n\n<h2 class=\"wp-block-heading\"><strong>Jak Zarz\u0105dza\u0107 Plikami Cookie<\/strong><\/h2>\n\n\n\n<p>Mo\u017cesz zarz\u0105dza\u0107 preferencjami dotycz\u0105cymi plik\u00f3w cookie, dostosowuj\u0105c ustawienia swojej przegl\u0105darki. Wi\u0119kszo\u015b\u0107 przegl\u0105darek umo\u017cliwia kontrolowanie plik\u00f3w cookie poprzez ich akceptowanie lub odrzucanie, a tak\u017ce ich usuwanie. Jednak wy\u0142\u0105czenie plik\u00f3w cookie mo\u017ce wp\u0142yn\u0105\u0107 na Twoje do\u015bwiadczenie na naszej stronie.<\/p>\n\n\n\n<p>Aby uzyska\u0107 wi\u0119cej informacji na temat zarz\u0105dzania plikami cookie w r\u00f3\u017cnych przegl\u0105darkach, odwied\u017a strony pomocy przegl\u0105darek:<\/p>\n\n\n\n<ul class=\"wp-block-list\">\n<li><a href=\"https:\/\/support.google.com\/chrome\/answer\/95647\" target=\"_blank\" rel=\"noopener\">Google Chrome<\/a><\/li>\n\n\n\n<li><a href=\"https:\/\/support.mozilla.org\/en-US\/kb\/enable-and-disable-cookies-website-preferences\" target=\"_blank\" rel=\"noopener\">Mozilla Firefox<\/a><\/li>\n\n\n\n<li><a href=\"https:\/\/support.microsoft.com\/en-us\/help\/4468242\/microsoft-edge-browsing-data-and-privacy\" target=\"_blank\" rel=\"noopener\">Microsoft Edge<\/a><\/li>\n\n\n\n<li><a href=\"https:\/\/support.apple.com\/en-us\/HT201265\" target=\"_blank\" rel=\"noopener\">Safari<\/a><\/li>\n<\/ul>\n\n\n\n<h2 class=\"wp-block-heading\"><strong>5. Ciasteczka Firm Trzecich<\/strong><\/h2>\n\n\n\n<p>Mo\u017cemy r\u00f3wnie\u017c zezwoli\u0107 stronom trzecim na u\u017cywanie plik\u00f3w cookie na naszej stronie w celach analitycznych i reklamowych. Te strony trzecie maj\u0105 w\u0142asne polityki cookies i prywatno\u015bci, i zalecamy ich przegl\u0105d.<\/p>\n\n\n\n<h2 class=\"wp-block-heading\"><strong>6. Zmiany w tej Polityce<\/strong><\/h2>\n\n\n\n<p>Mo\u017cemy okresowo aktualizowa\u0107 t\u0119 Polityk\u0119 Cookies, aby odzwierciedli\u0107 zmiany w naszych plikach cookies i praktykach prywatno\u015bci. Wszelkie aktualizacje zostan\u0105 opublikowane na naszej stronie internetowej, a je\u015bli b\u0119dzie to konieczne, powiadomimy Ci\u0119 drog\u0105 mailow\u0105.<\/p>\n\n\n\n<h2 class=\"wp-block-heading\"><strong>7. Kontakt<\/strong><\/h2>\n\n\n\n<p class=\"translation-block\">Je\u015bli masz jakiekolwiek pytania dotycz\u0105ce tej Polityki Cookies lub jak u\u017cywamy plik\u00f3w cookies, skontaktuj si\u0119 z nami pod adresem: admin@horatech.shop.<\/p>\n\n\n\n<p><br><\/p>","protected":false},"excerpt":{"rendered":"<p>Na Horatech, utilizamos cookies e tecnologias semelhantes para melhorar sua experi\u00eancia em nosso site e para entender como voc\u00ea interage com ele. Esta Pol\u00edtica de Cookies explica o que s\u00e3o cookies, como os usamos e como voc\u00ea pode gerenciar suas prefer\u00eancias de cookies. 1. O que s\u00e3o Cookies? Cookies s\u00e3o pequenos arquivos de texto que [&hellip;]<\/p>\n","protected":false},"author":2,"featured_media":0,"parent":0,"menu_order":0,"comment_status":"closed","ping_status":"closed","template":"","meta":{"footnotes":""},"class_list":["post-3424","page","type-page","status-publish","hentry"],"blocksy_meta":[],"jetpack_sharing_enabled":true,"_links":{"self":[{"href":"https:\/\/horatech.shop\/pl\/wp-json\/wp\/v2\/pages\/3424","targetHints":{"allow":["GET"]}}],"collection":[{"href":"https:\/\/horatech.shop\/pl\/wp-json\/wp\/v2\/pages"}],"about":[{"href":"https:\/\/horatech.shop\/pl\/wp-json\/wp\/v2\/types\/page"}],"author":[{"embeddable":true,"href":"https:\/\/horatech.shop\/pl\/wp-json\/wp\/v2\/users\/2"}],"replies":[{"embeddable":true,"href":"https:\/\/horatech.shop\/pl\/wp-json\/wp\/v2\/comments?post=3424"}],"version-history":[{"count":2,"href":"https:\/\/horatech.shop\/pl\/wp-json\/wp\/v2\/pages\/3424\/revisions"}],"predecessor-version":[{"id":3430,"href":"https:\/\/horatech.shop\/pl\/wp-json\/wp\/v2\/pages\/3424\/revisions\/3430"}],"wp:attachment":[{"href":"https:\/\/horatech.shop\/pl\/wp-json\/wp\/v2\/media?parent=3424"}],"curies":[{"name":"wp","href":"https:\/\/api.w.org\/{rel}","templated":true}]}}