{"id":3469,"date":"2024-09-20T14:42:49","date_gmt":"2024-09-20T17:42:49","guid":{"rendered":"https:\/\/horatech.shop\/?page_id=3469"},"modified":"2024-09-20T14:42:49","modified_gmt":"2024-09-20T17:42:49","slug":"politica-de-transparencia","status":"publish","type":"page","link":"https:\/\/horatech.shop\/it\/politica-de-transparencia\/","title":{"rendered":"Politica di Trasparenza"},"content":{"rendered":"<p class=\"translation-block\">In Hora Tech Shop, valorizziamo la fiducia dei nostri clienti e crediamo che la trasparenza sia fondamentale per mantenere una relazione onesta. Questa politica descrive come operiamo, come trattiamo i dati dei nostri utenti e come manteniamo un modello di business etico e responsabile.<\/p>\n\n\n\n<h2 class=\"wp-block-heading\">Integrit\u00e0 delle Informazioni<\/h2>\n\n\n\n<p>Il nostro impegno \u00e8 fornire informazioni chiare e precise su tutti i prodotti e servizi disponibili nel nostro negozio. Eseguiamo revisioni e aggiornamenti continui per garantire l'accuratezza dei dati presentati. Se offriamo prodotti sponsorizzati o raccomandazioni affiliate, questi saranno chiaramente identificati affinch\u00e9 gli utenti possano distinguere tra raccomandazioni editoriali e pubblicit\u00e0.<\/p>\n\n\n\n<h2 class=\"wp-block-heading\">Raccolta e Uso dei Dati<\/h2>\n\n\n\n<p class=\"translation-block\">La tua privacy \u00e8 una priorit\u00e0 per noi. Su Hora Tech Shop, seguiamo pratiche rigorose di protezione dei dati:<\/p>\n\n\n\n<ul class=\"wp-block-list\">\n<li>Raccogliamo solo le informazioni necessarie per elaborare gli ordini e migliorare la tua esperienza sul sito.<\/li>\n\n\n\n<li>Non condividiamo i tuoi dati personali con terze parti senza il tuo consenso esplicito.<\/li>\n\n\n\n<li>Usiamo i cookie per offrire un'esperienza di navigazione personalizzata e ottimizzata, con la possibilit\u00e0 di disattivarli come preferisci.<\/li>\n<\/ul>\n\n\n\n<p class=\"translation-block\">Per ulteriori informazioni, consulta la nostra <a href=\"https:\/\/horatech.shop\/it\/politica-de-privacidade\/\" target=\"_self\">Politica sulla Privacy<\/a>.<\/p>\n\n\n\n<h2 class=\"wp-block-heading\">Trasparenza Finanziaria<\/h2>\n\n\n\n<p class=\"translation-block\">Sosteniamo Hora Tech Shop tramite fonti di reddito chiare ed etiche, come:<\/p>\n\n\n\n<ul class=\"wp-block-list\">\n<li class=\"translation-block\">Annunci: Mostriamo annunci da reti fidate che sono chiaramente contrassegnati come tali, senza compromettere l'indipendenza dei contenuti.<\/li>\n\n\n\n<li class=\"translation-block\">Affiliazioni: Alcuni link a prodotti possono generarci commissioni quando viene effettuato un acquisto. Ci\u00f2 non influisce sulle nostre raccomandazioni, che si basano su criteri di qualit\u00e0 e rilevanza.<\/li>\n\n\n\n<li class=\"translation-block\">Contenuti sponsorizzati: Quando lavoriamo con contenuti sponsorizzati, manteniamo il pieno controllo editoriale e ci assicuriamo che queste collaborazioni siano chiaramente segnalate.<\/li>\n<\/ul>\n\n\n\n<h2 class=\"wp-block-heading\">Correzioni e Aggiornamenti<\/h2>\n\n\n\n<p>Siamo impegnati nella precisione delle informazioni che pubblichiamo. Se trovi errori o imprecisioni nel sito, ti invitiamo a segnalarcelo in modo che possiamo correggerlo tempestivamente. Apprezziamo la collaborazione dei nostri utenti per mantenere il contenuto aggiornato.<\/p>\n\n\n\n<h2 class=\"wp-block-heading\">Contributi degli Utenti<\/h2>\n\n\n\n<p>Se il sito consente contributi di contenuto da parte degli utenti, come recensioni di prodotti o commenti, queste opinioni saranno adeguatamente identificate come contributi di terzi. Non sosteniamo necessariamente i punti di vista espressi dagli utenti, a meno che non sia esplicitamente indicato.<\/p>\n\n\n\n<h2 class=\"wp-block-heading\">Contatti e Feedback<\/h2>\n\n\n\n<p class=\"translation-block\">La trasparenza \u00e8 una strada a doppio senso, perci\u00f2 siamo sempre aperti ad ascoltare i nostri clienti. Se hai domande, suggerimenti o commenti su questa politica o su qualsiasi altra questione relativa al nostro negozio, contattaci tramite la nostra <a href=\"https:\/\/horatech.shop\/it\/contato\/\" target=\"_self\">pagina di contatto<\/a>.<\/p>\n\n\n\n<h2 class=\"wp-block-heading\">Modifiche a questa Politica<\/h2>\n\n\n\n<p class=\"translation-block\">Hora Tech Shop si riserva il diritto di aggiornare periodicamente questa Politica di Trasparenza. Raccomandiamo agli utenti di visitare frequentemente questa pagina per rimanere informati su eventuali modifiche. L'uso continuo del sito dopo le modifiche implica l'accettazione dei nuovi termini.<\/p>","protected":false},"excerpt":{"rendered":"<p>Na Hora Tech Shop, valorizamos a confian\u00e7a dos nossos clientes e acreditamos que a transpar\u00eancia \u00e9 fundamental para manter um relacionamento honesto. Esta pol\u00edtica descreve como operamos, como tratamos os dados dos nossos usu\u00e1rios e como mantemos um modelo de neg\u00f3cios \u00e9tico e respons\u00e1vel. Integridade das Informa\u00e7\u00f5es Nosso compromisso \u00e9 fornecer informa\u00e7\u00f5es claras e precisas [&hellip;]<\/p>\n","protected":false},"author":2,"featured_media":0,"parent":0,"menu_order":0,"comment_status":"closed","ping_status":"closed","template":"","meta":{"footnotes":""},"class_list":["post-3469","page","type-page","status-publish","hentry"],"blocksy_meta":[],"jetpack_sharing_enabled":true,"_links":{"self":[{"href":"https:\/\/horatech.shop\/it\/wp-json\/wp\/v2\/pages\/3469","targetHints":{"allow":["GET"]}}],"collection":[{"href":"https:\/\/horatech.shop\/it\/wp-json\/wp\/v2\/pages"}],"about":[{"href":"https:\/\/horatech.shop\/it\/wp-json\/wp\/v2\/types\/page"}],"author":[{"embeddable":true,"href":"https:\/\/horatech.shop\/it\/wp-json\/wp\/v2\/users\/2"}],"replies":[{"embeddable":true,"href":"https:\/\/horatech.shop\/it\/wp-json\/wp\/v2\/comments?post=3469"}],"version-history":[{"count":1,"href":"https:\/\/horatech.shop\/it\/wp-json\/wp\/v2\/pages\/3469\/revisions"}],"predecessor-version":[{"id":3470,"href":"https:\/\/horatech.shop\/it\/wp-json\/wp\/v2\/pages\/3469\/revisions\/3470"}],"wp:attachment":[{"href":"https:\/\/horatech.shop\/it\/wp-json\/wp\/v2\/media?parent=3469"}],"curies":[{"name":"wp","href":"https:\/\/api.w.org\/{rel}","templated":true}]}}