{"id":3432,"date":"2024-07-30T22:27:18","date_gmt":"2024-07-31T01:27:18","guid":{"rendered":"https:\/\/horatech.shop\/?page_id=3432"},"modified":"2024-09-03T22:40:03","modified_gmt":"2024-09-04T01:40:03","slug":"sobre-nos","status":"publish","type":"page","link":"https:\/\/horatech.shop\/it\/chi-siamo\/","title":{"rendered":"Chi Siamo"},"content":{"rendered":"<p class=\"translation-block\">Mi nome \u00e8 Andrey e sono il fondatore di questo sito. Con 5 anni di esperienza nella programmazione e una profonda passione per la tecnologia, ho creato Horatech per condividere il mio amore per i gadget, l'hardware e tutto ci\u00f2 che riguarda il mondo tecnologico.<\/p>\n\n\n\n<h2 class=\"wp-block-heading\"><strong>La Nostra Missione<\/strong><\/h2>\n\n\n\n<p class=\"translation-block\">Su Horatech, la nostra missione \u00e8 fornire informazioni aggiornate, consigli e raccomandazioni per aiutarti a fare le migliori scelte in tecnologia. Dalla recensione dei prodotti ai tutorial dettagliati, siamo qui per guidarti in questo universo in continua evoluzione.<\/p>\n\n\n\n<h2 class=\"wp-block-heading\"><strong>La Nostra Storia<\/strong><\/h2>\n\n\n\n<p>L'idea di Horatech \u00e8 nata dal desiderio di creare uno spazio dove gli appassionati di tecnologia, come me, potessero trovare contenuti affidabili e utili. Negli anni, ho capito l'importanza di essere sempre aggiornati sulle ultime tendenze e innovazioni, e ho voluto condividere questa conoscenza con una comunit\u00e0 pi\u00f9 grande.<\/p>\n\n\n\n<h2 class=\"wp-block-heading\"><strong>Perch\u00e9 accedere a Horatech?<\/strong><\/h2>\n\n\n\n<ul class=\"wp-block-list\">\n<li class=\"translation-block\">Esperienza: Con 5 anni di esperienza nella programmazione e una solida comprensione della tecnologia, mi impegno a fornire contenuti che aggiungano veramente valore.<\/li>\n\n\n\n<li class=\"translation-block\">Passione: Ogni articolo, recensione e consiglio che trovi qui \u00e8 il frutto di una vera passione per la tecnologia.<\/li>\n\n\n\n<li class=\"translation-block\">Comunit\u00e0: Credo che la tecnologia debba essere accessibile a tutti. Ecco perch\u00e9 sono sempre disponibile per rispondere alle domande, fornire supporto e aiutarti a navigare nel mondo digitale.<\/li>\n<\/ul>\n\n\n\n<h2 class=\"wp-block-heading\"><strong>Connettiamoci?<\/strong><\/h2>\n\n\n\n<p>Se condividi lo stesso entusiasmo per la tecnologia, sentiti libero di esplorare i nostri articoli, lasciare le tue domande nei commenti o contattarci direttamente. Sono sempre entusiasta di conoscere persone che condividono questa passione.<\/p>\n\n\n\n<p>Grazie per aver visitato Horatech.shop, e spero che tu trovi esattamente quello che stai cercando!<\/p>\n\n\n\n<h2 class=\"wp-block-heading\"><strong>Contatti<\/strong><\/h2>\n\n\n\n<p class=\"translation-block\">Se hai domande o semplicemente vuoi dire ciao, puoi contattarmi tramite la <a href=\"https:\/\/horatech.shop\/it\/contato\/\" target=\"_self\">pagina di contatto<\/a>.<\/p>","protected":false},"excerpt":{"rendered":"<p>Meu nome \u00e9 Andrey, e sou o fundador deste site. Com 5 anos de experi\u00eancia em programa\u00e7\u00e3o e uma paix\u00e3o profunda por tecnologia, criei o Horatech para compartilhar meu amor por gadgets, hardware e tudo relacionado ao mundo tecnol\u00f3gico. Nossa Miss\u00e3o No Horatech, nossa miss\u00e3o \u00e9 trazer informa\u00e7\u00f5es atualizadas, dicas e recomenda\u00e7\u00f5es que ajudem voc\u00ea [&hellip;]<\/p>\n","protected":false},"author":2,"featured_media":0,"parent":0,"menu_order":0,"comment_status":"closed","ping_status":"closed","template":"","meta":{"footnotes":""},"class_list":["post-3432","page","type-page","status-publish","hentry"],"blocksy_meta":[],"jetpack_sharing_enabled":true,"_links":{"self":[{"href":"https:\/\/horatech.shop\/it\/wp-json\/wp\/v2\/pages\/3432","targetHints":{"allow":["GET"]}}],"collection":[{"href":"https:\/\/horatech.shop\/it\/wp-json\/wp\/v2\/pages"}],"about":[{"href":"https:\/\/horatech.shop\/it\/wp-json\/wp\/v2\/types\/page"}],"author":[{"embeddable":true,"href":"https:\/\/horatech.shop\/it\/wp-json\/wp\/v2\/users\/2"}],"replies":[{"embeddable":true,"href":"https:\/\/horatech.shop\/it\/wp-json\/wp\/v2\/comments?post=3432"}],"version-history":[{"count":3,"href":"https:\/\/horatech.shop\/it\/wp-json\/wp\/v2\/pages\/3432\/revisions"}],"predecessor-version":[{"id":3460,"href":"https:\/\/horatech.shop\/it\/wp-json\/wp\/v2\/pages\/3432\/revisions\/3460"}],"wp:attachment":[{"href":"https:\/\/horatech.shop\/it\/wp-json\/wp\/v2\/media?parent=3432"}],"curies":[{"name":"wp","href":"https:\/\/api.w.org\/{rel}","templated":true}]}}