{"id":3432,"date":"2024-07-30T22:27:18","date_gmt":"2024-07-31T01:27:18","guid":{"rendered":"https:\/\/horatech.shop\/?page_id=3432"},"modified":"2024-09-03T22:40:03","modified_gmt":"2024-09-04T01:40:03","slug":"sobre-nos","status":"publish","type":"page","link":"https:\/\/horatech.shop\/hr\/sobre-nos\/","title":{"rendered":"O Nama"},"content":{"rendered":"<p class=\"translation-block\">Moje ime je Andrey i osniva\u010d sam ove stranice. S 5 godina iskustva u programiranju i dubokom stra\u0161\u0107u prema tehnologiji, stvorio sam Horatech kako bih podijelio svoju ljubav prema gadgetima, hardveru i svemu \u0161to je povezano s tehnolo\u0161kim svijetom.<\/p>\n\n\n\n<h2 class=\"wp-block-heading\"><strong>Na\u0161a Misija<\/strong><\/h2>\n\n\n\n<p class=\"translation-block\">U Horatechu, na\u0161a misija je pru\u017eiti a\u017eurirane informacije, savjete i preporuke koje \u0107e vam pomo\u0107i da donesete najbolje odluke u tehnologiji. Od recenzija proizvoda do detaljnih vodi\u010da, tu smo da vas vodimo kroz ovaj stalno evoluiraju\u0107i svemir.<\/p>\n\n\n\n<h2 class=\"wp-block-heading\"><strong>Na\u0161a Povijest<\/strong><\/h2>\n\n\n\n<p>Ideja za Horatech proiza\u0161la je iz \u017eelje za stvaranjem prostora u kojem bi entuzijasti tehnologije, poput mene, mogli prona\u0107i pouzdan i koristan sadr\u017eaj. Kroz godine, shvatio sam va\u017enost pra\u0107enja najnovijih trendova i inovacija, te sam \u017eelio podijeliti ovo znanje s ve\u0107om zajednicom.<\/p>\n\n\n\n<h2 class=\"wp-block-heading\"><strong>Za\u0161to posjetiti Horatech?<\/strong><\/h2>\n\n\n\n<ul class=\"wp-block-list\">\n<li class=\"translation-block\">Iskustvo: S 5 godina iskustva u programiranju i \u010dvrstim razumijevanjem tehnologije, posve\u0107en sam pru\u017eanju sadr\u017eaja koji zaista dodaje vrijednost.<\/li>\n\n\n\n<li class=\"translation-block\">Strast: Svaki \u010dlanak, recenzija i savjet koji ovdje prona\u0111e\u0161 rezultat su prave strasti prema tehnologiji.<\/li>\n\n\n\n<li class=\"translation-block\">Zajednica: Vjerujem da tehnologija treba biti dostupna svima. Zato sam uvijek dostupan za odgovaranje na pitanja, pru\u017eanje podr\u0161ke i pomo\u0107 u snala\u017eenju u digitalnom svijetu.<\/li>\n<\/ul>\n\n\n\n<h2 class=\"wp-block-heading\"><strong>Pove\u017eimo se?<\/strong><\/h2>\n\n\n\n<p>Ako dijelite istu strast za tehnologijom, slobodno istra\u017eite na\u0161e \u010dlanke, ostavite svoja pitanja u komentarima ili nas izravno kontaktirajte. Uvijek se radujem upoznavanju ljudi koji dijele ovu strast.<\/p>\n\n\n\n<p>Hvala \u0161to ste posjetili Horatech.shop i nadamo se da \u0107ete prona\u0107i upravo ono \u0161to tra\u017eite!<\/p>\n\n\n\n<h2 class=\"wp-block-heading\"><strong>Kontakt<\/strong><\/h2>\n\n\n\n<p class=\"translation-block\">Ako ima\u0161 bilo kakva pitanja ili jednostavno \u017eeli\u0161 re\u0107i zdravo, mo\u017ee\u0161 me kontaktirati putem <a href=\"https:\/\/horatech.shop\/hr\/contato\/\" target=\"_self\">kontakt stranice<\/a>.<\/p>","protected":false},"excerpt":{"rendered":"<p>Meu nome \u00e9 Andrey, e sou o fundador deste site. Com 5 anos de experi\u00eancia em programa\u00e7\u00e3o e uma paix\u00e3o profunda por tecnologia, criei o Horatech para compartilhar meu amor por gadgets, hardware e tudo relacionado ao mundo tecnol\u00f3gico. Nossa Miss\u00e3o No Horatech, nossa miss\u00e3o \u00e9 trazer informa\u00e7\u00f5es atualizadas, dicas e recomenda\u00e7\u00f5es que ajudem voc\u00ea [&hellip;]<\/p>\n","protected":false},"author":2,"featured_media":0,"parent":0,"menu_order":0,"comment_status":"closed","ping_status":"closed","template":"","meta":{"footnotes":""},"class_list":["post-3432","page","type-page","status-publish","hentry"],"blocksy_meta":[],"jetpack_sharing_enabled":true,"_links":{"self":[{"href":"https:\/\/horatech.shop\/hr\/wp-json\/wp\/v2\/pages\/3432","targetHints":{"allow":["GET"]}}],"collection":[{"href":"https:\/\/horatech.shop\/hr\/wp-json\/wp\/v2\/pages"}],"about":[{"href":"https:\/\/horatech.shop\/hr\/wp-json\/wp\/v2\/types\/page"}],"author":[{"embeddable":true,"href":"https:\/\/horatech.shop\/hr\/wp-json\/wp\/v2\/users\/2"}],"replies":[{"embeddable":true,"href":"https:\/\/horatech.shop\/hr\/wp-json\/wp\/v2\/comments?post=3432"}],"version-history":[{"count":3,"href":"https:\/\/horatech.shop\/hr\/wp-json\/wp\/v2\/pages\/3432\/revisions"}],"predecessor-version":[{"id":3460,"href":"https:\/\/horatech.shop\/hr\/wp-json\/wp\/v2\/pages\/3432\/revisions\/3460"}],"wp:attachment":[{"href":"https:\/\/horatech.shop\/hr\/wp-json\/wp\/v2\/media?parent=3432"}],"curies":[{"name":"wp","href":"https:\/\/api.w.org\/{rel}","templated":true}]}}