{"id":3424,"date":"2024-07-30T22:18:03","date_gmt":"2024-07-31T01:18:03","guid":{"rendered":"https:\/\/horatech.shop\/?page_id=3424"},"modified":"2024-09-03T22:25:26","modified_gmt":"2024-09-04T01:25:26","slug":"politica-de-cookies","status":"publish","type":"page","link":"https:\/\/horatech.shop\/hr\/politica-de-cookies\/","title":{"rendered":"Politika kola\u010di\u0107a"},"content":{"rendered":"<p class=\"translation-block\">U <strong>Horatech<\/strong> koristimo kola\u010di\u0107e i sli\u010dne tehnologije kako bismo pobolj\u0161ali va\u0161e iskustvo na na\u0161oj web stranici i razumjeli kako s njom komunicirate.<\/p>\n\n\n\n<p class=\"translation-block\">Ova <strong>Politika kola\u010di\u0107a<\/strong> obja\u0161njava \u0161to su kola\u010di\u0107i, kako ih koristimo i kako mo\u017eete upravljati svojim postavkama kola\u010di\u0107a.<\/p>\n\n\n\n<h2 class=\"wp-block-heading\"><strong>1. \u0160to su kola\u010di\u0107i?<\/strong><\/h2>\n\n\n\n<p>Kola\u010di\u0107i su male tekstualne datoteke koje se pohranjuju na va\u0161em ure\u0111aju (ra\u010dunalo, tablet ili pametni telefon) kada posjetite web stranicu. Poma\u017eu stranici da zapamti va\u0161e radnje i postavke tijekom vremena, \u010dine\u0107i va\u0161e pregledavanje u\u010dinkovitijim i personaliziranijim.<\/p>\n\n\n\n<h2 class=\"wp-block-heading\"><strong>2. Kako Koristimo Kola\u010di\u0107e<\/strong><\/h2>\n\n\n\n<p>Koristimo kola\u010di\u0107e za:<\/p>\n\n\n\n<ul class=\"wp-block-list\">\n<li class=\"translation-block\">Pobolj\u0161anje navigacije: Zapam\u0107ivanje va\u0161ih postavki i preferencija, poput jezika i lokacije.<\/li>\n\n\n\n<li class=\"translation-block\">Analiza kori\u0161tenja stranice: Prikupljanje informacija o tome kako koristite na\u0161u stranicu kako bi pomoglo u pobolj\u0161anju na\u0161ih usluga i razumijevanju koji su dijelovi stranice najpopularniji.<\/li>\n\n\n\n<li class=\"translation-block\">Prilagodba iskustva: Prikazivanje relevantnog sadr\u017eaja i ponuda na temelju va\u0161ih interesa i pona\u0161anja prilikom pregledavanja.<\/li>\n\n\n\n<li class=\"translation-block\">Pru\u017eanje tehni\u010dke podr\u0161ke: Osiguravanje ispravnog funkcioniranja na\u0161e web stranice i rje\u0161avanje tehni\u010dkih problema.<\/li>\n<\/ul>\n\n\n\n<h2 class=\"wp-block-heading\"><strong>3. Vrste kola\u010di\u0107a koje koristimo<\/strong><\/h2>\n\n\n\n<ul class=\"wp-block-list\">\n<li class=\"translation-block\">Bitni kola\u010di\u0107i: Neophodni za ispravan rad stranice i za omogu\u0107avanje navigacije i kori\u0161tenja njezinih funkcija.<\/li>\n\n\n\n<li class=\"translation-block\">Kola\u010di\u0107i za izvedbu: Prikupljaju informacije o tome kako posjetitelji koriste stranicu, poma\u017eu\u0107i nam da pobolj\u0161amo njezinu u\u010dinkovitost.<\/li>\n\n\n\n<li class=\"translation-block\">Funkcionalni kola\u010di\u0107i: Omogu\u0107uju web stranici da pamti va\u0161e izbore i postavke, poput va\u0161eg korisni\u010dkog imena i jezi\u010dnih preferencija.<\/li>\n\n\n\n<li class=\"translation-block\">Reklamni kola\u010di\u0107i: Koriste se za prikazivanje relevantnih oglasa i ograni\u010davanje broja puta kada vidite oglas.<\/li>\n<\/ul>\n\n\n\n<h2 class=\"wp-block-heading\"><strong>Kako Upravljati Kola\u010di\u0107ima<\/strong><\/h2>\n\n\n\n<p>Mo\u017eete upravljati postavkama kola\u010di\u0107a pode\u0161avanjem postavki va\u0161eg preglednika. Ve\u0107ina preglednika omogu\u0107uje vam kontrolu kola\u010di\u0107a prihva\u0107anjem ili odbijanjem te njihovim brisanjem. Me\u0111utim, onemogu\u0107avanje kola\u010di\u0107a mo\u017ee utjecati na va\u0161e iskustvo na na\u0161oj web stranici.<\/p>\n\n\n\n<p>Za vi\u0161e informacija o tome kako upravljati kola\u010di\u0107ima u razli\u010ditim preglednicima, posjetite stranice za podr\u0161ku preglednicima:<\/p>\n\n\n\n<ul class=\"wp-block-list\">\n<li><a href=\"https:\/\/support.google.com\/chrome\/answer\/95647\" target=\"_blank\" rel=\"noopener\">Google Chrome<\/a><\/li>\n\n\n\n<li><a href=\"https:\/\/support.mozilla.org\/en-US\/kb\/enable-and-disable-cookies-website-preferences\" target=\"_blank\" rel=\"noopener\">Mozilla Firefox<\/a><\/li>\n\n\n\n<li><a href=\"https:\/\/support.microsoft.com\/en-us\/help\/4468242\/microsoft-edge-browsing-data-and-privacy\" target=\"_blank\" rel=\"noopener\">Microsoft Edge<\/a><\/li>\n\n\n\n<li><a href=\"https:\/\/support.apple.com\/en-us\/HT201265\" target=\"_blank\" rel=\"noopener\">Safari<\/a><\/li>\n<\/ul>\n\n\n\n<h2 class=\"wp-block-heading\"><strong>5. Kola\u010di\u0107i Tre\u0107ih Strana<\/strong><\/h2>\n\n\n\n<p>Tako\u0111er mo\u017eemo omogu\u0107iti tre\u0107im stranama da koriste kola\u010di\u0107e na na\u0161oj stranici u analiti\u010dke i ogla\u0161iva\u010dke svrhe. Te tre\u0107e strane imaju vlastite politike kola\u010di\u0107a i privatnosti, a mi vam preporu\u010dujemo da ih pregledate.<\/p>\n\n\n\n<h2 class=\"wp-block-heading\"><strong>6. Promjene ove Politike<\/strong><\/h2>\n\n\n\n<p>Povremeno mo\u017eemo a\u017eurirati ovu Politiku kola\u010di\u0107a kako bismo odra\u017eavali promjene u na\u0161im kola\u010di\u0107ima i praksama privatnosti. Svaka a\u017euriranja bit \u0107e objavljena na na\u0161oj web stranici, a ako bude potrebno, obavijestit \u0107emo vas putem e-maila.<\/p>\n\n\n\n<h2 class=\"wp-block-heading\"><strong>7. Kontakt<\/strong><\/h2>\n\n\n\n<p class=\"translation-block\">Ako imate bilo kakvih pitanja u vezi s ovom Politikom kola\u010di\u0107a ili kako koristimo kola\u010di\u0107e, kontaktirajte nas na: admin@horatech.shop.<\/p>\n\n\n\n<p><br><\/p>","protected":false},"excerpt":{"rendered":"<p>Na Horatech, utilizamos cookies e tecnologias semelhantes para melhorar sua experi\u00eancia em nosso site e para entender como voc\u00ea interage com ele. Esta Pol\u00edtica de Cookies explica o que s\u00e3o cookies, como os usamos e como voc\u00ea pode gerenciar suas prefer\u00eancias de cookies. 1. O que s\u00e3o Cookies? Cookies s\u00e3o pequenos arquivos de texto que [&hellip;]<\/p>\n","protected":false},"author":2,"featured_media":0,"parent":0,"menu_order":0,"comment_status":"closed","ping_status":"closed","template":"","meta":{"footnotes":""},"class_list":["post-3424","page","type-page","status-publish","hentry"],"blocksy_meta":[],"jetpack_sharing_enabled":true,"_links":{"self":[{"href":"https:\/\/horatech.shop\/hr\/wp-json\/wp\/v2\/pages\/3424","targetHints":{"allow":["GET"]}}],"collection":[{"href":"https:\/\/horatech.shop\/hr\/wp-json\/wp\/v2\/pages"}],"about":[{"href":"https:\/\/horatech.shop\/hr\/wp-json\/wp\/v2\/types\/page"}],"author":[{"embeddable":true,"href":"https:\/\/horatech.shop\/hr\/wp-json\/wp\/v2\/users\/2"}],"replies":[{"embeddable":true,"href":"https:\/\/horatech.shop\/hr\/wp-json\/wp\/v2\/comments?post=3424"}],"version-history":[{"count":2,"href":"https:\/\/horatech.shop\/hr\/wp-json\/wp\/v2\/pages\/3424\/revisions"}],"predecessor-version":[{"id":3430,"href":"https:\/\/horatech.shop\/hr\/wp-json\/wp\/v2\/pages\/3424\/revisions\/3430"}],"wp:attachment":[{"href":"https:\/\/horatech.shop\/hr\/wp-json\/wp\/v2\/media?parent=3424"}],"curies":[{"name":"wp","href":"https:\/\/api.w.org\/{rel}","templated":true}]}}