{"id":3432,"date":"2024-07-30T22:27:18","date_gmt":"2024-07-31T01:27:18","guid":{"rendered":"https:\/\/horatech.shop\/?page_id=3432"},"modified":"2024-09-03T22:40:03","modified_gmt":"2024-09-04T01:40:03","slug":"sobre-nos","status":"publish","type":"page","link":"https:\/\/horatech.shop\/fr\/sobre-nos\/","title":{"rendered":"\u00c0 Propos de Nous"},"content":{"rendered":"<p class=\"translation-block\">Je m'appelle Andrey et je suis le fondateur de ce site. Avec 5 ans d'exp\u00e9rience en programmation et une passion profonde pour la technologie, j'ai cr\u00e9\u00e9 Horatech pour partager mon amour pour les gadgets, le mat\u00e9riel et tout ce qui touche au monde de la technologie.<\/p>\n\n\n\n<h2 class=\"wp-block-heading\"><strong>Notre Mission<\/strong><\/h2>\n\n\n\n<p class=\"translation-block\">Chez Horatech, notre mission est de fournir des informations \u00e0 jour, des conseils et des recommandations pour vous aider \u00e0 faire les meilleurs choix en mati\u00e8re de technologie. Des critiques de produits aux tutoriels d\u00e9taill\u00e9s, nous sommes ici pour vous guider dans cet univers en constante \u00e9volution.<\/p>\n\n\n\n<h2 class=\"wp-block-heading\"><strong>Notre Histoire<\/strong><\/h2>\n\n\n\n<p>L'id\u00e9e de Horatech est n\u00e9e du d\u00e9sir de cr\u00e9er un espace o\u00f9 les passionn\u00e9s de technologie, comme moi, pourraient trouver du contenu fiable et utile. Au fil des ans, j'ai compris l'importance de rester \u00e0 jour avec les derni\u00e8res tendances et innovations, et j'ai voulu partager cette connaissance avec une plus grande communaut\u00e9.<\/p>\n\n\n\n<h2 class=\"wp-block-heading\"><strong>Pourquoi acc\u00e9der \u00e0 Horatech ?<\/strong><\/h2>\n\n\n\n<ul class=\"wp-block-list\">\n<li class=\"translation-block\">Exp\u00e9rience : Avec 5 ans d'exp\u00e9rience en programmation et une solide compr\u00e9hension de la technologie, je m'engage \u00e0 fournir un contenu qui ajoute r\u00e9ellement de la valeur.<\/li>\n\n\n\n<li class=\"translation-block\">Passion : Chaque article, critique et astuce que vous trouvez ici est le fruit d'une v\u00e9ritable passion pour la technologie.<\/li>\n\n\n\n<li class=\"translation-block\">Communaut\u00e9 : Je crois que la technologie doit \u00eatre accessible \u00e0 tous. C'est pourquoi je suis toujours disponible pour r\u00e9pondre aux questions, fournir du support et vous aider \u00e0 naviguer dans le monde num\u00e9rique.<\/li>\n<\/ul>\n\n\n\n<h2 class=\"wp-block-heading\"><strong>Connectons-nous ?<\/strong><\/h2>\n\n\n\n<p>Si vous partagez le m\u00eame enthousiasme pour la technologie, n\u2019h\u00e9sitez pas \u00e0 explorer nos articles, laisser vos questions dans les commentaires ou \u00e0 nous contacter directement. Je suis toujours impatient de rencontrer des personnes qui partagent cette passion.<\/p>\n\n\n\n<p>Merci de visiter Horatech.shop, et j'esp\u00e8re que vous trouverez exactement ce que vous cherchez !<\/p>\n\n\n\n<h2 class=\"wp-block-heading\"><strong>Contact<\/strong><\/h2>\n\n\n\n<p class=\"translation-block\">Si vous avez des questions ou si vous voulez simplement dire bonjour, vous pouvez me contacter via la <a href=\"https:\/\/horatech.shop\/fr\/contact\/\" target=\"_self\">page de contact<\/a>.<\/p>","protected":false},"excerpt":{"rendered":"<p>Meu nome \u00e9 Andrey, e sou o fundador deste site. Com 5 anos de experi\u00eancia em programa\u00e7\u00e3o e uma paix\u00e3o profunda por tecnologia, criei o Horatech para compartilhar meu amor por gadgets, hardware e tudo relacionado ao mundo tecnol\u00f3gico. Nossa Miss\u00e3o No Horatech, nossa miss\u00e3o \u00e9 trazer informa\u00e7\u00f5es atualizadas, dicas e recomenda\u00e7\u00f5es que ajudem voc\u00ea [&hellip;]<\/p>\n","protected":false},"author":2,"featured_media":0,"parent":0,"menu_order":0,"comment_status":"closed","ping_status":"closed","template":"","meta":{"footnotes":""},"class_list":["post-3432","page","type-page","status-publish","hentry"],"blocksy_meta":[],"jetpack_sharing_enabled":true,"_links":{"self":[{"href":"https:\/\/horatech.shop\/fr\/wp-json\/wp\/v2\/pages\/3432","targetHints":{"allow":["GET"]}}],"collection":[{"href":"https:\/\/horatech.shop\/fr\/wp-json\/wp\/v2\/pages"}],"about":[{"href":"https:\/\/horatech.shop\/fr\/wp-json\/wp\/v2\/types\/page"}],"author":[{"embeddable":true,"href":"https:\/\/horatech.shop\/fr\/wp-json\/wp\/v2\/users\/2"}],"replies":[{"embeddable":true,"href":"https:\/\/horatech.shop\/fr\/wp-json\/wp\/v2\/comments?post=3432"}],"version-history":[{"count":3,"href":"https:\/\/horatech.shop\/fr\/wp-json\/wp\/v2\/pages\/3432\/revisions"}],"predecessor-version":[{"id":3460,"href":"https:\/\/horatech.shop\/fr\/wp-json\/wp\/v2\/pages\/3432\/revisions\/3460"}],"wp:attachment":[{"href":"https:\/\/horatech.shop\/fr\/wp-json\/wp\/v2\/media?parent=3432"}],"curies":[{"name":"wp","href":"https:\/\/api.w.org\/{rel}","templated":true}]}}