{"id":3469,"date":"2024-09-20T14:42:49","date_gmt":"2024-09-20T17:42:49","guid":{"rendered":"https:\/\/horatech.shop\/?page_id=3469"},"modified":"2024-09-20T14:42:49","modified_gmt":"2024-09-20T17:42:49","slug":"politica-de-transparencia","status":"publish","type":"page","link":"https:\/\/horatech.shop\/de\/politica-de-transparencia\/","title":{"rendered":"Transparenzrichtlinie"},"content":{"rendered":"<p class=\"translation-block\">Bei Hora Tech Shop sch\u00e4tzen wir das Vertrauen unserer Kunden und glauben, dass Transparenz entscheidend f\u00fcr eine ehrliche Beziehung ist. Diese Richtlinie beschreibt, wie wir arbeiten, wie wir die Daten unserer Nutzer behandeln und wie wir ein ethisches und verantwortungsbewusstes Gesch\u00e4ftsmodell aufrechterhalten.<\/p>\n\n\n\n<h2 class=\"wp-block-heading\">Informationsintegrit\u00e4t<\/h2>\n\n\n\n<p>Unser Engagement besteht darin, klare und genaue Informationen \u00fcber alle Produkte und Dienstleistungen in unserem Gesch\u00e4ft bereitzustellen. Wir f\u00fchren kontinuierliche \u00dcberpr\u00fcfungen und Aktualisierungen durch, um die Richtigkeit der dargestellten Daten sicherzustellen. Wenn wir gesponserte Produkte oder Affiliate-Empfehlungen anbieten, werden diese eindeutig gekennzeichnet, damit die Benutzer zwischen redaktionellen Empfehlungen und Werbung unterscheiden k\u00f6nnen.<\/p>\n\n\n\n<h2 class=\"wp-block-heading\">Erhebung und Verwendung von Daten<\/h2>\n\n\n\n<p class=\"translation-block\">Ihre Privatsph\u00e4re hat f\u00fcr uns h\u00f6chste Priorit\u00e4t. Bei Hora Tech Shop folgen wir strengen Datenschutzpraktiken:<\/p>\n\n\n\n<ul class=\"wp-block-list\">\n<li>Wir sammeln nur die notwendigen Informationen, um Bestellungen zu verarbeiten und Ihre Erfahrung auf der Website zu verbessern.<\/li>\n\n\n\n<li>Wir geben Ihre pers\u00f6nlichen Daten nicht ohne Ihre ausdr\u00fcckliche Zustimmung an Dritte weiter.<\/li>\n\n\n\n<li>Wir verwenden Cookies, um ein personalisiertes und optimiertes Surferlebnis zu bieten, mit der M\u00f6glichkeit, diese nach Belieben zu deaktivieren.<\/li>\n<\/ul>\n\n\n\n<p class=\"translation-block\">F\u00fcr weitere Informationen lesen Sie bitte unsere <a href=\"https:\/\/horatech.shop\/de\/politica-de-privacidade\/\" target=\"_self\">Datenschutzerkl\u00e4rung<\/a>.<\/p>\n\n\n\n<h2 class=\"wp-block-heading\">Finanzielle Transparenz<\/h2>\n\n\n\n<p class=\"translation-block\">Wir finanzieren Hora Tech Shop durch klare und ethische Einnahmequellen, wie zum Beispiel:<\/p>\n\n\n\n<ul class=\"wp-block-list\">\n<li class=\"translation-block\">Werbung: Wir zeigen Anzeigen von vertrauensw\u00fcrdigen Netzwerken an, die klar als solche gekennzeichnet sind, ohne die Unabh\u00e4ngigkeit des Inhalts zu beeintr\u00e4chtigen.<\/li>\n\n\n\n<li class=\"translation-block\">Partnerprogramme: Einige Produktlinks k\u00f6nnen uns Provisionen einbringen, wenn ein Kauf get\u00e4tigt wird. Dies hat keinen Einfluss auf unsere Empfehlungen, die auf Qualit\u00e4ts- und Relevanzkriterien basieren.<\/li>\n\n\n\n<li class=\"translation-block\">Gesponserte Inhalte: Wenn wir mit gesponserten Inhalten arbeiten, behalten wir die vollst\u00e4ndige redaktionelle Kontrolle und stellen sicher, dass diese Kooperationen klar gekennzeichnet sind.<\/li>\n<\/ul>\n\n\n\n<h2 class=\"wp-block-heading\">Korrekturen und Aktualisierungen<\/h2>\n\n\n\n<p>Wir sind bestrebt, die Genauigkeit der Informationen, die wir ver\u00f6ffentlichen, sicherzustellen. Wenn Sie Fehler oder Ungenauigkeiten auf der Website finden, ermutigen wir Sie, uns dies mitzuteilen, damit wir es schnell korrigieren k\u00f6nnen. Wir sch\u00e4tzen die Zusammenarbeit unserer Benutzer, um den Inhalt auf dem neuesten Stand zu halten.<\/p>\n\n\n\n<h2 class=\"wp-block-heading\">Benutzerbeitr\u00e4ge<\/h2>\n\n\n\n<p>Wenn die Website Benutzerbeitr\u00e4ge zul\u00e4sst, wie Produktbewertungen oder Kommentare, werden diese Meinungen ordnungsgem\u00e4\u00df als Beitr\u00e4ge Dritter gekennzeichnet. Wir unterst\u00fctzen nicht notwendigerweise die von Benutzern ge\u00e4u\u00dferten Ansichten, es sei denn, es wird ausdr\u00fccklich angegeben.<\/p>\n\n\n\n<h2 class=\"wp-block-heading\">Kontakt und Feedback<\/h2>\n\n\n\n<p class=\"translation-block\">Transparenz ist eine Einbahnstra\u00dfe, deshalb sind wir immer offen, von unseren Kunden zu h\u00f6ren. Wenn Sie Fragen, Vorschl\u00e4ge oder Kommentare zu dieser Richtlinie oder anderen Anliegen im Zusammenhang mit unserem Gesch\u00e4ft haben, kontaktieren Sie uns bitte \u00fcber unsere <a href=\"https:\/\/horatech.shop\/de\/kontakt\/\" target=\"_self\">Kontaktseite<\/a>.<\/p>\n\n\n\n<h2 class=\"wp-block-heading\">\u00c4nderungen dieser Richtlinie<\/h2>\n\n\n\n<p class=\"translation-block\">Hora Tech Shop beh\u00e4lt sich das Recht vor, diese Transparenzrichtlinie regelm\u00e4\u00dfig zu aktualisieren. Wir empfehlen den Nutzern, diese Seite regelm\u00e4\u00dfig zu besuchen, um \u00fcber m\u00f6gliche \u00c4nderungen informiert zu bleiben. Die fortgesetzte Nutzung der Website nach \u00c4nderungen bedeutet die Akzeptanz der neuen Bedingungen.<\/p>","protected":false},"excerpt":{"rendered":"<p>Na Hora Tech Shop, valorizamos a confian\u00e7a dos nossos clientes e acreditamos que a transpar\u00eancia \u00e9 fundamental para manter um relacionamento honesto. Esta pol\u00edtica descreve como operamos, como tratamos os dados dos nossos usu\u00e1rios e como mantemos um modelo de neg\u00f3cios \u00e9tico e respons\u00e1vel. Integridade das Informa\u00e7\u00f5es Nosso compromisso \u00e9 fornecer informa\u00e7\u00f5es claras e precisas [&hellip;]<\/p>\n","protected":false},"author":2,"featured_media":0,"parent":0,"menu_order":0,"comment_status":"closed","ping_status":"closed","template":"","meta":{"footnotes":""},"class_list":["post-3469","page","type-page","status-publish","hentry"],"blocksy_meta":[],"jetpack_sharing_enabled":true,"_links":{"self":[{"href":"https:\/\/horatech.shop\/de\/wp-json\/wp\/v2\/pages\/3469","targetHints":{"allow":["GET"]}}],"collection":[{"href":"https:\/\/horatech.shop\/de\/wp-json\/wp\/v2\/pages"}],"about":[{"href":"https:\/\/horatech.shop\/de\/wp-json\/wp\/v2\/types\/page"}],"author":[{"embeddable":true,"href":"https:\/\/horatech.shop\/de\/wp-json\/wp\/v2\/users\/2"}],"replies":[{"embeddable":true,"href":"https:\/\/horatech.shop\/de\/wp-json\/wp\/v2\/comments?post=3469"}],"version-history":[{"count":1,"href":"https:\/\/horatech.shop\/de\/wp-json\/wp\/v2\/pages\/3469\/revisions"}],"predecessor-version":[{"id":3470,"href":"https:\/\/horatech.shop\/de\/wp-json\/wp\/v2\/pages\/3469\/revisions\/3470"}],"wp:attachment":[{"href":"https:\/\/horatech.shop\/de\/wp-json\/wp\/v2\/media?parent=3469"}],"curies":[{"name":"wp","href":"https:\/\/api.w.org\/{rel}","templated":true}]}}