{"id":3432,"date":"2024-07-30T22:27:18","date_gmt":"2024-07-31T01:27:18","guid":{"rendered":"https:\/\/horatech.shop\/?page_id=3432"},"modified":"2024-09-03T22:40:03","modified_gmt":"2024-09-04T01:40:03","slug":"sobre-nos","status":"publish","type":"page","link":"https:\/\/horatech.shop\/de\/sobre-nos\/","title":{"rendered":"\u00dcber Uns"},"content":{"rendered":"<p class=\"translation-block\">Mein Name ist Andrey, und ich bin der Gr\u00fcnder dieser Website. Mit 5 Jahren Erfahrung in der Programmierung und einer tiefen Leidenschaft f\u00fcr Technologie habe ich Horatech gegr\u00fcndet, um meine Liebe zu Gadgets, Hardware und allem, was mit der Tech-Welt zu tun hat, zu teilen.<\/p>\n\n\n\n<h2 class=\"wp-block-heading\"><strong>Unsere Mission<\/strong><\/h2>\n\n\n\n<p class=\"translation-block\">Bei Horatech ist es unsere Mission, Ihnen aktuelle Informationen, Tipps und Empfehlungen zu bieten, die Ihnen helfen, die besten Entscheidungen in der Technologie zu treffen. Von Produktanalysen bis hin zu detaillierten Tutorials sind wir hier, um Sie in diesem sich st\u00e4ndig weiterentwickelnden Universum zu begleiten.<\/p>\n\n\n\n<h2 class=\"wp-block-heading\"><strong>Unsere Geschichte<\/strong><\/h2>\n\n\n\n<p>Die Idee zu Horatech entstand aus dem Wunsch, einen Raum zu schaffen, in dem Technikbegeisterte wie ich zuverl\u00e4ssige und n\u00fctzliche Inhalte finden k\u00f6nnen. Im Laufe der Jahre habe ich die Bedeutung erkannt, immer auf dem neuesten Stand der Trends und Innovationen zu sein, und wollte dieses Wissen mit einer gr\u00f6\u00dferen Community teilen.<\/p>\n\n\n\n<h2 class=\"wp-block-heading\"><strong>Warum Horatech besuchen?<\/strong><\/h2>\n\n\n\n<ul class=\"wp-block-list\">\n<li class=\"translation-block\">Erfahrung: Mit 5 Jahren Erfahrung in der Programmierung und einem soliden Verst\u00e4ndnis der Technologie bin ich bestrebt, Inhalte bereitzustellen, die wirklich einen Mehrwert bieten.<\/li>\n\n\n\n<li class=\"translation-block\">Leidenschaft: Jeder Artikel, jede Bewertung und jeder Tipp, den Sie hier finden, ist das Ergebnis einer echten Leidenschaft f\u00fcr Technologie.<\/li>\n\n\n\n<li class=\"translation-block\">Gemeinschaft: Ich glaube, dass Technologie f\u00fcr alle zug\u00e4nglich sein sollte. Deshalb stehe ich immer zur Verf\u00fcgung, um Fragen zu beantworten, Unterst\u00fctzung zu bieten und Ihnen zu helfen, sich in der digitalen Welt zurechtzufinden.<\/li>\n<\/ul>\n\n\n\n<h2 class=\"wp-block-heading\"><strong>Lass uns verbinden?<\/strong><\/h2>\n\n\n\n<p>Wenn du die gleiche Begeisterung f\u00fcr Technologie teilst, kannst du gerne unsere Artikel durchsuchen, deine Fragen in den Kommentaren hinterlassen oder uns direkt kontaktieren. Ich freue mich immer, Menschen zu treffen, die diese Leidenschaft teilen.<\/p>\n\n\n\n<p>Danke, dass Sie Horatech.shop besuchen, und ich hoffe, dass Sie genau das finden, wonach Sie suchen!<\/p>\n\n\n\n<h2 class=\"wp-block-heading\"><strong>Kontakt<\/strong><\/h2>\n\n\n\n<p class=\"translation-block\">Wenn Sie Fragen haben oder einfach nur Hallo sagen m\u00f6chten, k\u00f6nnen Sie mich \u00fcber die <a href=\"https:\/\/horatech.shop\/de\/kontakt\/\" target=\"_self\">Kontaktseite<\/a> erreichen.<\/p>","protected":false},"excerpt":{"rendered":"<p>Meu nome \u00e9 Andrey, e sou o fundador deste site. Com 5 anos de experi\u00eancia em programa\u00e7\u00e3o e uma paix\u00e3o profunda por tecnologia, criei o Horatech para compartilhar meu amor por gadgets, hardware e tudo relacionado ao mundo tecnol\u00f3gico. Nossa Miss\u00e3o No Horatech, nossa miss\u00e3o \u00e9 trazer informa\u00e7\u00f5es atualizadas, dicas e recomenda\u00e7\u00f5es que ajudem voc\u00ea [&hellip;]<\/p>\n","protected":false},"author":2,"featured_media":0,"parent":0,"menu_order":0,"comment_status":"closed","ping_status":"closed","template":"","meta":{"footnotes":""},"class_list":["post-3432","page","type-page","status-publish","hentry"],"blocksy_meta":[],"jetpack_sharing_enabled":true,"_links":{"self":[{"href":"https:\/\/horatech.shop\/de\/wp-json\/wp\/v2\/pages\/3432","targetHints":{"allow":["GET"]}}],"collection":[{"href":"https:\/\/horatech.shop\/de\/wp-json\/wp\/v2\/pages"}],"about":[{"href":"https:\/\/horatech.shop\/de\/wp-json\/wp\/v2\/types\/page"}],"author":[{"embeddable":true,"href":"https:\/\/horatech.shop\/de\/wp-json\/wp\/v2\/users\/2"}],"replies":[{"embeddable":true,"href":"https:\/\/horatech.shop\/de\/wp-json\/wp\/v2\/comments?post=3432"}],"version-history":[{"count":3,"href":"https:\/\/horatech.shop\/de\/wp-json\/wp\/v2\/pages\/3432\/revisions"}],"predecessor-version":[{"id":3460,"href":"https:\/\/horatech.shop\/de\/wp-json\/wp\/v2\/pages\/3432\/revisions\/3460"}],"wp:attachment":[{"href":"https:\/\/horatech.shop\/de\/wp-json\/wp\/v2\/media?parent=3432"}],"curies":[{"name":"wp","href":"https:\/\/api.w.org\/{rel}","templated":true}]}}