{"id":3428,"date":"2024-07-30T22:23:25","date_gmt":"2024-07-31T01:23:25","guid":{"rendered":"https:\/\/horatech.shop\/?page_id=3428"},"modified":"2024-09-03T22:26:24","modified_gmt":"2024-09-04T01:26:24","slug":"politica-de-comentarios","status":"publish","type":"page","link":"https:\/\/horatech.shop\/de\/politica-de-comentarios\/","title":{"rendered":"Kommentarrichtlinie"},"content":{"rendered":"<p class=\"translation-block\">Bei Horatech sch\u00e4tzen wir die Interaktion mit unseren Besuchern und ermutigen zur Teilnahme durch Kommentare auf unseren Artikeln und Beitr\u00e4gen.<\/p>\n\n\n\n<p>Um ein respektvolles und konstruktives Umfeld zu gew\u00e4hrleisten, haben wir die folgenden Richtlinien f\u00fcr Kommentare festgelegt.<\/p>\n\n\n\n<h2 class=\"wp-block-heading\"><strong>1.Respekt und H\u00f6flichkeit<\/strong><\/h2>\n\n\n\n<p>Alle Kommentare m\u00fcssen respektvoll sein und andere Benutzer mit H\u00f6flichkeit behandeln. Offensive, missbr\u00e4uchliche, diffamierende, voreingenommene Kommentare oder solche, die Hass, Gewalt oder Diskriminierung jeglicher Art anstiften, werden nicht toleriert.<\/p>\n\n\n\n<h2 class=\"wp-block-heading\"><strong>2. Relevanz<\/strong><\/h2>\n\n\n\n<p>Halten Sie Ihre Kommentare relevant f\u00fcr das im Beitrag besprochene Thema. Kommentare, die vom Thema abweichen oder den Fokus \u00e4ndern, k\u00f6nnen entfernt werden.<\/p>\n\n\n\n<h2 class=\"wp-block-heading\"><strong>3. Keine Spam- oder Werbekommentare<\/strong><\/h2>\n\n\n\n<p>Es ist nicht erlaubt, Kommentare zur F\u00f6rderung von Produkten, Dienstleistungen oder Websites Dritter zu verwenden. Kommentare, die Spam, unerw\u00fcnschte Links oder Werbeaktionen enthalten, werden entfernt.<\/p>\n\n\n\n<h2 class=\"wp-block-heading\"><strong>4. Urheberrecht und Geistiges Eigentum<\/strong><\/h2>\n\n\n\n<p>Stellen Sie sicher, dass alle Inhalte, die Sie in Ihren Kommentaren teilen, einschlie\u00dflich Texte, Bilder und Links, frei von Urheberrechts- oder geistigen Eigentumsverletzungen Dritter sind.<\/p>\n\n\n\n<h2 class=\"wp-block-heading\"><strong>5. Kommentar Moderation<\/strong><\/h2>\n\n\n\n<p>Wir behalten uns das Recht vor, Kommentare zu moderieren, zu genehmigen oder zu entfernen, die wir f\u00fcr unangemessen halten oder die gegen diese Kommentarrichtlinie versto\u00dfen. Dies schlie\u00dft die Entfernung von Kommentaren ein, die unangemessene Sprache, sensible pers\u00f6nliche Informationen oder andere Inhalte enthalten, die nicht den festgelegten Richtlinien entsprechen.<\/p>\n\n\n\n<h2 class=\"wp-block-heading\"><strong>6. Verantwortung f\u00fcr Kommentare<\/strong><\/h2>\n\n\n\n<p>Kommentare, die auf Horatech.shop ver\u00f6ffentlicht werden, liegen in der alleinigen Verantwortung der Autoren und spiegeln nicht unbedingt die Meinung unseres Teams wider. Wir \u00fcbernehmen keine Verantwortung f\u00fcr den Inhalt der von Nutzern ver\u00f6ffentlichten Kommentare.<\/p>\n\n\n\n<h2 class=\"wp-block-heading\"><strong>7. Meldungen<\/strong><\/h2>\n\n\n\n<p>Wenn Sie einen Kommentar finden, den Sie als anst\u00f6\u00dfig empfinden oder der gegen diese Kommentarrichtlinie verst\u00f6\u00dft, kontaktieren Sie uns bitte, damit wir die Situation bewerten und die notwendigen Ma\u00dfnahmen ergreifen k\u00f6nnen.<\/p>\n\n\n\n<h2 class=\"wp-block-heading\"><strong>8. \u00c4nderungen der Kommentarrichtlinie<\/strong><\/h2>\n\n\n\n<p>Wir k\u00f6nnen diese Kommentarrichtlinie regelm\u00e4\u00dfig aktualisieren, um \u00c4nderungen in unseren Praktiken widerzuspiegeln. Wir werden alle \u00c4nderungen auf unserer Website ver\u00f6ffentlichen und empfehlen Ihnen, diese Seite regelm\u00e4\u00dfig zu \u00fcberpr\u00fcfen.<\/p>\n\n\n\n<h2 class=\"wp-block-heading\"><strong>9. Kontakt<\/strong><\/h2>\n\n\n\n<p>Wenn Sie Fragen oder Bedenken zu dieser Kommentarrichtlinie haben, kontaktieren Sie uns bitte per E-Mail unter: <strong>admin@horatech.shop<\/strong>.<\/p>","protected":false},"excerpt":{"rendered":"<p>Na Horatech, valorizamos a intera\u00e7\u00e3o com nossos visitantes e incentivamos a participa\u00e7\u00e3o atrav\u00e9s de coment\u00e1rios em nossos artigos e posts. Para garantir um ambiente respeitoso e construtivo, estabelecemos as seguintes diretrizes para os coment\u00e1rios. 1. Respeito e Cordialidade Todos os coment\u00e1rios devem ser respeitosos e tratar outros usu\u00e1rios com cordialidade. N\u00e3o ser\u00e3o tolerados coment\u00e1rios ofensivos, [&hellip;]<\/p>\n","protected":false},"author":2,"featured_media":0,"parent":0,"menu_order":0,"comment_status":"closed","ping_status":"closed","template":"","meta":{"footnotes":""},"class_list":["post-3428","page","type-page","status-publish","hentry"],"blocksy_meta":[],"jetpack_sharing_enabled":true,"_links":{"self":[{"href":"https:\/\/horatech.shop\/de\/wp-json\/wp\/v2\/pages\/3428","targetHints":{"allow":["GET"]}}],"collection":[{"href":"https:\/\/horatech.shop\/de\/wp-json\/wp\/v2\/pages"}],"about":[{"href":"https:\/\/horatech.shop\/de\/wp-json\/wp\/v2\/types\/page"}],"author":[{"embeddable":true,"href":"https:\/\/horatech.shop\/de\/wp-json\/wp\/v2\/users\/2"}],"replies":[{"embeddable":true,"href":"https:\/\/horatech.shop\/de\/wp-json\/wp\/v2\/comments?post=3428"}],"version-history":[{"count":1,"href":"https:\/\/horatech.shop\/de\/wp-json\/wp\/v2\/pages\/3428\/revisions"}],"predecessor-version":[{"id":3431,"href":"https:\/\/horatech.shop\/de\/wp-json\/wp\/v2\/pages\/3428\/revisions\/3431"}],"wp:attachment":[{"href":"https:\/\/horatech.shop\/de\/wp-json\/wp\/v2\/media?parent=3428"}],"curies":[{"name":"wp","href":"https:\/\/api.w.org\/{rel}","templated":true}]}}