{"id":3432,"date":"2024-07-30T22:27:18","date_gmt":"2024-07-31T01:27:18","guid":{"rendered":"https:\/\/horatech.shop\/?page_id=3432"},"modified":"2024-09-03T22:40:03","modified_gmt":"2024-09-04T01:40:03","slug":"sobre-nos","status":"publish","type":"page","link":"https:\/\/horatech.shop\/ar\/sobre-nos\/","title":{"rendered":"\u0645\u0639\u0644\u0648\u0645\u0627\u062a \u0639\u0646\u0627"},"content":{"rendered":"<p class=\"translation-block\">\u0627\u0633\u0645\u064a \u0623\u0646\u062f\u0631\u064a\u0647\u060c \u0648\u0623\u0646\u0627 \u0645\u0624\u0633\u0633 \u0647\u0630\u0627 \u0627\u0644\u0645\u0648\u0642\u0639. \u0645\u0639 5 \u0633\u0646\u0648\u0627\u062a \u0645\u0646 \u0627\u0644\u062e\u0628\u0631\u0629 \u0641\u064a \u0627\u0644\u0628\u0631\u0645\u062c\u0629 \u0648\u0634\u063a\u0641 \u0639\u0645\u064a\u0642 \u0628\u0627\u0644\u062a\u0643\u0646\u0648\u0644\u0648\u062c\u064a\u0627\u060c \u0623\u0646\u0634\u0623\u062a Horatech \u0644\u0645\u0634\u0627\u0631\u0643\u0629 \u062d\u0628\u064a \u0644\u0644\u0623\u062f\u0648\u0627\u062a \u0627\u0644\u0625\u0644\u0643\u062a\u0631\u0648\u0646\u064a\u0629 \u0648\u0627\u0644\u0623\u062c\u0647\u0632\u0629 \u0648\u0643\u0644 \u0645\u0627 \u064a\u062a\u0639\u0644\u0642 \u0628\u0639\u0627\u0644\u0645 \u0627\u0644\u062a\u0643\u0646\u0648\u0644\u0648\u062c\u064a\u0627.<\/p>\n\n\n\n<h2 class=\"wp-block-heading\"><strong>\u0645\u0647\u0645\u062a\u0646\u0627<\/strong><\/h2>\n\n\n\n<p class=\"translation-block\">\u0641\u064a \u0647\u0648\u0631\u0627\u062a\u0643\u060c \u0645\u0647\u0645\u062a\u0646\u0627 \u0647\u064a \u062a\u0642\u062f\u064a\u0645 \u0645\u0639\u0644\u0648\u0645\u0627\u062a \u0645\u062d\u062f\u062b\u0629\u060c \u0648\u0646\u0635\u0627\u0626\u062d\u060c \u0648\u062a\u0648\u0635\u064a\u0627\u062a \u062a\u0633\u0627\u0639\u062f\u0643 \u0639\u0644\u0649 \u0627\u062a\u062e\u0627\u0630 \u0623\u0641\u0636\u0644 \u0627\u0644\u062e\u064a\u0627\u0631\u0627\u062a \u0641\u064a \u0627\u0644\u062a\u0643\u0646\u0648\u0644\u0648\u062c\u064a\u0627. \u0645\u0646 \u0645\u0631\u0627\u062c\u0639\u0627\u062a \u0627\u0644\u0645\u0646\u062a\u062c\u0627\u062a \u0625\u0644\u0649 \u0627\u0644\u062f\u0631\u0648\u0633 \u0627\u0644\u062a\u0641\u0635\u064a\u0644\u064a\u0629\u060c \u0646\u062d\u0646 \u0647\u0646\u0627 \u0644\u0625\u0631\u0634\u0627\u062f\u0643 \u0641\u064a \u0647\u0630\u0627 \u0627\u0644\u0643\u0648\u0646 \u0627\u0644\u0630\u064a \u064a\u062a\u0637\u0648\u0631 \u0628\u0627\u0633\u062a\u0645\u0631\u0627\u0631.<\/p>\n\n\n\n<h2 class=\"wp-block-heading\"><strong>\u062a\u0627\u0631\u064a\u062e\u0646\u0627<\/strong><\/h2>\n\n\n\n<p>\u0648\u0644\u062f\u062a \u0641\u0643\u0631\u0629 Horatech \u0645\u0646 \u0627\u0644\u0631\u063a\u0628\u0629 \u0641\u064a \u0625\u0646\u0634\u0627\u0621 \u0645\u0633\u0627\u062d\u0629 \u062d\u064a\u062b \u064a\u0645\u0643\u0646 \u0644\u0639\u0634\u0627\u0642 \u0627\u0644\u062a\u0643\u0646\u0648\u0644\u0648\u062c\u064a\u0627\u060c \u0645\u062b\u0644\u064a\u060c \u0627\u0644\u0639\u062b\u0648\u0631 \u0639\u0644\u0649 \u0645\u062d\u062a\u0648\u0649 \u0645\u0648\u062b\u0648\u0642 \u0648\u0645\u0641\u064a\u062f. \u0639\u0644\u0649 \u0645\u0631 \u0627\u0644\u0633\u0646\u064a\u0646\u060c \u0623\u062f\u0631\u0643\u062a \u0623\u0647\u0645\u064a\u0629 \u0627\u0644\u0628\u0642\u0627\u0621 \u0639\u0644\u0649 \u0627\u0637\u0644\u0627\u0639 \u062f\u0627\u0626\u0645 \u0628\u0623\u062d\u062f\u062b \u0627\u0644\u0627\u062a\u062c\u0627\u0647\u0627\u062a \u0648\u0627\u0644\u0627\u0628\u062a\u0643\u0627\u0631\u0627\u062a\u060c \u0648\u0623\u0631\u062f\u062a \u0645\u0634\u0627\u0631\u0643\u0629 \u0647\u0630\u0647 \u0627\u0644\u0645\u0639\u0631\u0641\u0629 \u0645\u0639 \u0645\u062c\u062a\u0645\u0639 \u0623\u0643\u0628\u0631.<\/p>\n\n\n\n<h2 class=\"wp-block-heading\"><strong>\u0644\u0645\u0627\u0630\u0627 \u0627\u0644\u0648\u0635\u0648\u0644 \u0625\u0644\u0649 Horatech\u061f<\/strong><\/h2>\n\n\n\n<ul class=\"wp-block-list\">\n<li class=\"translation-block\">\u0627\u0644\u062e\u0628\u0631\u0629: \u0645\u0639 5 \u0633\u0646\u0648\u0627\u062a \u0645\u0646 \u0627\u0644\u062e\u0628\u0631\u0629 \u0641\u064a \u0627\u0644\u0628\u0631\u0645\u062c\u0629 \u0648\u0641\u0647\u0645 \u0642\u0648\u064a \u0644\u0644\u062a\u0643\u0646\u0648\u0644\u0648\u062c\u064a\u0627\u060c \u0623\u0646\u0627 \u0645\u0644\u062a\u0632\u0645 \u0628\u062a\u0648\u0641\u064a\u0631 \u0645\u062d\u062a\u0648\u0649 \u064a\u0636\u064a\u0641 \u0642\u064a\u0645\u0629 \u062d\u0642\u064a\u0642\u064a\u0629.<\/li>\n\n\n\n<li class=\"translation-block\">\u0634\u063a\u0641: \u0643\u0644 \u0645\u0642\u0627\u0644\u060c \u062a\u062d\u0644\u064a\u0644\u060c \u0648\u0646\u0635\u064a\u062d\u0629 \u062a\u062c\u062f\u0647\u0627 \u0647\u0646\u0627 \u0647\u064a \u0646\u062a\u064a\u062c\u0629 \u0644\u0634\u063a\u0641 \u062d\u0642\u064a\u0642\u064a \u0628\u0627\u0644\u062a\u0643\u0646\u0648\u0644\u0648\u062c\u064a\u0627.<\/li>\n\n\n\n<li class=\"translation-block\">\u0627\u0644\u0645\u062c\u062a\u0645\u0639: \u0623\u0639\u062a\u0642\u062f \u0623\u0646 \u0627\u0644\u062a\u0643\u0646\u0648\u0644\u0648\u062c\u064a\u0627 \u064a\u062c\u0628 \u0623\u0646 \u062a\u0643\u0648\u0646 \u0645\u062a\u0627\u062d\u0629 \u0644\u0644\u062c\u0645\u064a\u0639. \u0644\u0647\u0630\u0627 \u0627\u0644\u0633\u0628\u0628 \u0623\u0646\u0627 \u062f\u0627\u0626\u0645\u064b\u0627 \u0645\u062a\u0627\u062d \u0644\u0644\u0625\u062c\u0627\u0628\u0629 \u0639\u0644\u0649 \u0627\u0644\u0623\u0633\u0626\u0644\u0629\u060c \u062a\u0642\u062f\u064a\u0645 \u0627\u0644\u062f\u0639\u0645\u060c \u0648\u0645\u0633\u0627\u0639\u062f\u062a\u0643 \u0641\u064a \u0627\u0644\u062a\u0646\u0642\u0644 \u0639\u0628\u0631 \u0627\u0644\u0639\u0627\u0644\u0645 \u0627\u0644\u0631\u0642\u0645\u064a.<\/li>\n<\/ul>\n\n\n\n<h2 class=\"wp-block-heading\"><strong>\u0647\u0644 \u0646\u0644\u062a\u0642\u064a\u061f<\/strong><\/h2>\n\n\n\n<p>\u0625\u0630\u0627 \u0643\u0646\u062a \u062a\u0634\u0627\u0631\u0643 \u0646\u0641\u0633 \u0627\u0644\u062d\u0645\u0627\u0633 \u0644\u0644\u062a\u0643\u0646\u0648\u0644\u0648\u062c\u064a\u0627\u060c \u0641\u0644\u0627 \u062a\u062a\u0631\u062f\u062f \u0641\u064a \u0627\u0633\u062a\u0643\u0634\u0627\u0641 \u0645\u0642\u0627\u0644\u0627\u062a\u0646\u0627\u060c \u062a\u0631\u0643 \u0623\u0633\u0626\u0644\u062a\u0643 \u0641\u064a \u0627\u0644\u062a\u0639\u0644\u064a\u0642\u0627\u062a \u0623\u0648 \u0627\u0644\u0627\u062a\u0635\u0627\u0644 \u0628\u0646\u0627 \u0645\u0628\u0627\u0634\u0631\u0629. \u0623\u0646\u0627 \u062f\u0627\u0626\u0645\u064b\u0627 \u0645\u062a\u062d\u0645\u0633 \u0644\u0644\u0642\u0627\u0621 \u0623\u0634\u062e\u0627\u0635 \u064a\u0634\u0627\u0631\u0643\u0648\u0646\u0646\u064a \u0647\u0630\u0647 \u0627\u0644\u0634\u063a\u0641.<\/p>\n\n\n\n<p>\u0634\u0643\u0631\u064b\u0627 \u0644\u0632\u064a\u0627\u0631\u0629 Horatech.shop\u060c \u0648\u0622\u0645\u0644 \u0623\u0646 \u062a\u062c\u062f \u0628\u0627\u0644\u0636\u0628\u0637 \u0645\u0627 \u062a\u0628\u062d\u062b \u0639\u0646\u0647!<\/p>\n\n\n\n<h2 class=\"wp-block-heading\"><strong>\u0627\u062a\u0635\u0644 \u0628\u0646\u0627<\/strong><\/h2>\n\n\n\n<p class=\"translation-block\">\u0625\u0630\u0627 \u0643\u0627\u0646 \u0644\u062f\u064a\u0643 \u0623\u064a \u0623\u0633\u0626\u0644\u0629 \u0623\u0648 \u0643\u0646\u062a \u062a\u0631\u063a\u0628 \u0641\u0642\u0637 \u0641\u064a \u0642\u0648\u0644 \u0645\u0631\u062d\u0628\u064b\u0627\u060c \u064a\u0645\u0643\u0646\u0643 \u0627\u0644\u0627\u062a\u0635\u0627\u0644 \u0628\u064a \u0645\u0646 \u062e\u0644\u0627\u0644 <a href=\"https:\/\/horatech.shop\/ar\/contato\/\" target=\"_self\">\u0635\u0641\u062d\u0629 \u0627\u0644\u0627\u062a\u0635\u0627\u0644<\/a>.<\/p>","protected":false},"excerpt":{"rendered":"<p>Meu nome \u00e9 Andrey, e sou o fundador deste site. Com 5 anos de experi\u00eancia em programa\u00e7\u00e3o e uma paix\u00e3o profunda por tecnologia, criei o Horatech para compartilhar meu amor por gadgets, hardware e tudo relacionado ao mundo tecnol\u00f3gico. Nossa Miss\u00e3o No Horatech, nossa miss\u00e3o \u00e9 trazer informa\u00e7\u00f5es atualizadas, dicas e recomenda\u00e7\u00f5es que ajudem voc\u00ea [&hellip;]<\/p>\n","protected":false},"author":2,"featured_media":0,"parent":0,"menu_order":0,"comment_status":"closed","ping_status":"closed","template":"","meta":{"footnotes":""},"class_list":["post-3432","page","type-page","status-publish","hentry"],"blocksy_meta":[],"jetpack_sharing_enabled":true,"_links":{"self":[{"href":"https:\/\/horatech.shop\/ar\/wp-json\/wp\/v2\/pages\/3432","targetHints":{"allow":["GET"]}}],"collection":[{"href":"https:\/\/horatech.shop\/ar\/wp-json\/wp\/v2\/pages"}],"about":[{"href":"https:\/\/horatech.shop\/ar\/wp-json\/wp\/v2\/types\/page"}],"author":[{"embeddable":true,"href":"https:\/\/horatech.shop\/ar\/wp-json\/wp\/v2\/users\/2"}],"replies":[{"embeddable":true,"href":"https:\/\/horatech.shop\/ar\/wp-json\/wp\/v2\/comments?post=3432"}],"version-history":[{"count":3,"href":"https:\/\/horatech.shop\/ar\/wp-json\/wp\/v2\/pages\/3432\/revisions"}],"predecessor-version":[{"id":3460,"href":"https:\/\/horatech.shop\/ar\/wp-json\/wp\/v2\/pages\/3432\/revisions\/3460"}],"wp:attachment":[{"href":"https:\/\/horatech.shop\/ar\/wp-json\/wp\/v2\/media?parent=3432"}],"curies":[{"name":"wp","href":"https:\/\/api.w.org\/{rel}","templated":true}]}}